{"id":7400,"date":"2022-08-22T14:05:45","date_gmt":"2022-08-22T11:05:45","guid":{"rendered":"https:\/\/www.adalyaled.com\/?post_type=product&#038;p=7400"},"modified":"2024-03-09T16:01:59","modified_gmt":"2024-03-09T13:01:59","slug":"lal-siyah-masa-lambasi","status":"publish","type":"product","link":"https:\/\/www.adalyaled.com\/tr\/shop\/lal-siyah-masa-lambasi\/","title":{"rendered":"Lal &#8211; Siyah"},"content":{"rendered":"<p>Led rengi: S\u0131cak beyaz<\/p>\n<p>G\u00f6vde malzemesi: Al\u00fcminyum Ala\u015f\u0131m<\/p>\n<p>Ebat: 80\u00d7230 mm<\/p>\n<p>\u00c7al\u0131\u015fma S\u00fcresi: %100 5 saat, %60 9 saat, %30 14 saat<\/p>\n<p>Led \u00d6mr\u00fc: 50.000 saat<\/p>\n<p>Pil: 2200 mAH 18650 \/ Lityum Pil<\/p>\n<p>\u015earj S\u00fcresi: 5 saat<\/p>\n<p>I\u015f\u0131k Kayna\u011f\u0131: 20 adet S\u00fcper parlak SMD \u0131\u015f\u0131k<\/p>\n<p>Tu\u015f Tipi: Dokunma, 4 Seviye Karartma<\/p>\n<p>(%1-100, %2-60, %3-30, 4-Kapal\u0131)<\/p>\n<p>Garanti: 2 y\u0131l<\/p>\n","protected":false},"excerpt":{"rendered":"<p>Led rengi: S\u0131cak beyaz G\u00f6vde malzemesi: Al\u00fcminyum Ala\u015f\u0131m Ebat: 80\u00d7230 mm \u00c7al\u0131\u015fma S\u00fcresi: %100 5 saat, %60 9 saat, %30 14 saat Led \u00d6mr\u00fc: 50.000 saat Pil: 2200 mAH 18650 \/ Lityum Pil \u015earj S\u00fcresi: 5 saat I\u015f\u0131k Kayna\u011f\u0131: 20 adet S\u00fcper parlak SMD \u0131\u015f\u0131k Tu\u015f Tipi: Dokunma, 4 Seviye Karartma (%1-100, %2-60, %3-30, 4-Kapal\u0131) &hellip; <\/p>\n<p class=\"link-more\"><a href=\"https:\/\/www.adalyaled.com\/tr\/shop\/lal-siyah-masa-lambasi\/\" class=\"more-link\">Read More <span class=\"screen-reader-text\"> &#8220;Lal &#8211; Siyah&#8221;<\/span><\/a><\/p>\n","protected":false},"featured_media":7441,"comment_status":"closed","ping_status":"closed","template":"","meta":[],"product_cat":[132],"product_tag":[],"class_list":{"0":"post-7400","1":"product","2":"type-product","3":"status-publish","4":"has-post-thumbnail","6":"product_cat-led-tr","8":"first","9":"instock","10":"shipping-taxable","11":"purchasable","12":"product-type-simple"},"_links":{"self":[{"href":"https:\/\/www.adalyaled.com\/tr\/wp-json\/wp\/v2\/product\/7400"}],"collection":[{"href":"https:\/\/www.adalyaled.com\/tr\/wp-json\/wp\/v2\/product"}],"about":[{"href":"https:\/\/www.adalyaled.com\/tr\/wp-json\/wp\/v2\/types\/product"}],"replies":[{"embeddable":true,"href":"https:\/\/www.adalyaled.com\/tr\/wp-json\/wp\/v2\/comments?post=7400"}],"version-history":[{"count":2,"href":"https:\/\/www.adalyaled.com\/tr\/wp-json\/wp\/v2\/product\/7400\/revisions"}],"predecessor-version":[{"id":7429,"href":"https:\/\/www.adalyaled.com\/tr\/wp-json\/wp\/v2\/product\/7400\/revisions\/7429"}],"wp:featuredmedia":[{"embeddable":true,"href":"https:\/\/www.adalyaled.com\/tr\/wp-json\/wp\/v2\/media\/7441"}],"wp:attachment":[{"href":"https:\/\/www.adalyaled.com\/tr\/wp-json\/wp\/v2\/media?parent=7400"}],"wp:term":[{"taxonomy":"product_cat","embeddable":true,"href":"https:\/\/www.adalyaled.com\/tr\/wp-json\/wp\/v2\/product_cat?post=7400"},{"taxonomy":"product_tag","embeddable":true,"href":"https:\/\/www.adalyaled.com\/tr\/wp-json\/wp\/v2\/product_tag?post=7400"}],"curies":[{"name":"wp","href":"https:\/\/api.w.org\/{rel}","templated":true}]}}