{"id":7279,"date":"2022-08-19T14:13:08","date_gmt":"2022-08-19T11:13:08","guid":{"rendered":"https:\/\/www.adalyaled.com\/?post_type=product&#038;p=7279"},"modified":"2024-03-09T16:04:27","modified_gmt":"2024-03-09T13:04:27","slug":"lapis-sampanya","status":"publish","type":"product","link":"https:\/\/www.adalyaled.com\/tr\/shop\/lapis-sampanya\/","title":{"rendered":"LAPIS &#8211; \u015eampanya"},"content":{"rendered":"<p>Led rengi: S\u0131cak beyaz<\/p>\n<p>G\u00f6vde malzemesi: Al\u00fcminyum Ala\u015f\u0131m<\/p>\n<p>Ebat: 80\u00d7230 mm<\/p>\n<p>Zaman\u0131nda: %100 5 saat, %60 9 saat, %30 14 saat<\/p>\n<p>Led \u00d6mr\u00fc: 50.000 saat<\/p>\n<p>Pil: 2200 mAH 18650 \/ Lityum Pil<\/p>\n<p>\u015earj S\u00fcresi: 5 saat<\/p>\n<p>I\u015f\u0131k Kayna\u011f\u0131: 20 adet S\u00fcper parlak SMD \u0131\u015f\u0131k<\/p>\n<p>Tu\u015f Tipi: Dokunma, 4 Seviye Karartma<\/p>\n<p>(%1-100, %2-60, %3-30, 4-Kapal\u0131)<\/p>\n<p>Garanti: 2 y\u0131l<\/p>\n","protected":false},"excerpt":{"rendered":"<p>Led rengi: S\u0131cak beyaz G\u00f6vde malzemesi: Al\u00fcminyum Ala\u015f\u0131m Ebat: 80\u00d7230 mm Zaman\u0131nda: %100 5 saat, %60 9 saat, %30 14 saat Led \u00d6mr\u00fc: 50.000 saat Pil: 2200 mAH 18650 \/ Lityum Pil \u015earj S\u00fcresi: 5 saat I\u015f\u0131k Kayna\u011f\u0131: 20 adet S\u00fcper parlak SMD \u0131\u015f\u0131k Tu\u015f Tipi: Dokunma, 4 Seviye Karartma (%1-100, %2-60, %3-30, 4-Kapal\u0131) Garanti: &hellip; <\/p>\n<p class=\"link-more\"><a href=\"https:\/\/www.adalyaled.com\/tr\/shop\/lapis-sampanya\/\" class=\"more-link\">Read More <span class=\"screen-reader-text\"> &#8220;LAPIS &#8211; \u015eampanya&#8221;<\/span><\/a><\/p>\n","protected":false},"featured_media":0,"comment_status":"closed","ping_status":"closed","template":"","meta":[],"product_cat":[132],"product_tag":[],"class_list":{"0":"post-7279","1":"product","2":"type-product","3":"status-publish","5":"product_cat-led-tr","7":"first","8":"instock","9":"shipping-taxable","10":"purchasable","11":"product-type-simple"},"_links":{"self":[{"href":"https:\/\/www.adalyaled.com\/tr\/wp-json\/wp\/v2\/product\/7279"}],"collection":[{"href":"https:\/\/www.adalyaled.com\/tr\/wp-json\/wp\/v2\/product"}],"about":[{"href":"https:\/\/www.adalyaled.com\/tr\/wp-json\/wp\/v2\/types\/product"}],"replies":[{"embeddable":true,"href":"https:\/\/www.adalyaled.com\/tr\/wp-json\/wp\/v2\/comments?post=7279"}],"version-history":[{"count":2,"href":"https:\/\/www.adalyaled.com\/tr\/wp-json\/wp\/v2\/product\/7279\/revisions"}],"predecessor-version":[{"id":7284,"href":"https:\/\/www.adalyaled.com\/tr\/wp-json\/wp\/v2\/product\/7279\/revisions\/7284"}],"wp:attachment":[{"href":"https:\/\/www.adalyaled.com\/tr\/wp-json\/wp\/v2\/media?parent=7279"}],"wp:term":[{"taxonomy":"product_cat","embeddable":true,"href":"https:\/\/www.adalyaled.com\/tr\/wp-json\/wp\/v2\/product_cat?post=7279"},{"taxonomy":"product_tag","embeddable":true,"href":"https:\/\/www.adalyaled.com\/tr\/wp-json\/wp\/v2\/product_tag?post=7279"}],"curies":[{"name":"wp","href":"https:\/\/api.w.org\/{rel}","templated":true}]}}