{"id":6093,"date":"2022-03-29T13:21:29","date_gmt":"2022-03-29T10:21:29","guid":{"rendered":"https:\/\/www.adalyaled.com\/product\/venus-silver-2\/"},"modified":"2023-04-01T13:47:12","modified_gmt":"2023-04-01T10:47:12","slug":"venus-gumus","status":"publish","type":"product","link":"https:\/\/www.adalyaled.com\/tr\/shop\/venus-gumus\/","title":{"rendered":"VENUS &#8211; G\u00fcm\u00fc\u015f"},"content":{"rendered":"<p>Led Rengi: S\u0131cak Beyaz<\/p>\n<p>G\u00f6vde Malzemesi: Al\u00fcminyum Ala\u015f\u0131m<\/p>\n<p>Ebat: 80&#215;330 mm (\u0130stenilen ebatta \u00fcretilebilir)<\/p>\n<p>\u00c7al\u0131\u015fma S\u00fcresi: %100 5 saat, %60 9 saat, %30 14 saat<\/p>\n<p>Led \u00d6mr\u00fc: 50.000 saat<\/p>\n<p>Pil: 2200 mAH 18650 \/ Lityum Pil<\/p>\n<p>\u015earj S\u00fcresi: 5 saat<\/p>\n<p>I\u015f\u0131k Kayna\u011f\u0131: 20 adet S\u00fcper parlak SMD \u0131\u015f\u0131k<\/p>\n<p>Tu\u015f Tipi: Dokunma, 4 Seviye Karartma<br \/>\n(%1-100, %2-60, %3-30, 4-Kapal\u0131)<\/p>\n<p>Garanti: 2 y\u0131l<\/p>\n","protected":false},"excerpt":{"rendered":"<p>Led Rengi: S\u0131cak Beyaz G\u00f6vde Malzemesi: Al\u00fcminyum Ala\u015f\u0131m Ebat: 80&#215;330 mm (\u0130stenilen ebatta \u00fcretilebilir) \u00c7al\u0131\u015fma S\u00fcresi: %100 5 saat, %60 9 saat, %30 14 saat Led \u00d6mr\u00fc: 50.000 saat Pil: 2200 mAH 18650 \/ Lityum Pil \u015earj S\u00fcresi: 5 saat I\u015f\u0131k Kayna\u011f\u0131: 20 adet S\u00fcper parlak SMD \u0131\u015f\u0131k Tu\u015f Tipi: Dokunma, 4 Seviye Karartma (%1-100, &hellip; <\/p>\n<p class=\"link-more\"><a href=\"https:\/\/www.adalyaled.com\/tr\/shop\/venus-gumus\/\" class=\"more-link\">Read More <span class=\"screen-reader-text\"> &#8220;VENUS &#8211; G\u00fcm\u00fc\u015f&#8221;<\/span><\/a><\/p>\n","protected":false},"featured_media":5860,"comment_status":"closed","ping_status":"closed","template":"","meta":[],"product_cat":[132],"product_tag":[],"class_list":{"0":"post-6093","1":"product","2":"type-product","3":"status-publish","4":"has-post-thumbnail","6":"product_cat-led-tr","8":"first","9":"instock","10":"shipping-taxable","11":"purchasable","12":"product-type-simple"},"_links":{"self":[{"href":"https:\/\/www.adalyaled.com\/tr\/wp-json\/wp\/v2\/product\/6093"}],"collection":[{"href":"https:\/\/www.adalyaled.com\/tr\/wp-json\/wp\/v2\/product"}],"about":[{"href":"https:\/\/www.adalyaled.com\/tr\/wp-json\/wp\/v2\/types\/product"}],"replies":[{"embeddable":true,"href":"https:\/\/www.adalyaled.com\/tr\/wp-json\/wp\/v2\/comments?post=6093"}],"version-history":[{"count":5,"href":"https:\/\/www.adalyaled.com\/tr\/wp-json\/wp\/v2\/product\/6093\/revisions"}],"predecessor-version":[{"id":7093,"href":"https:\/\/www.adalyaled.com\/tr\/wp-json\/wp\/v2\/product\/6093\/revisions\/7093"}],"wp:featuredmedia":[{"embeddable":true,"href":"https:\/\/www.adalyaled.com\/tr\/wp-json\/wp\/v2\/media\/5860"}],"wp:attachment":[{"href":"https:\/\/www.adalyaled.com\/tr\/wp-json\/wp\/v2\/media?parent=6093"}],"wp:term":[{"taxonomy":"product_cat","embeddable":true,"href":"https:\/\/www.adalyaled.com\/tr\/wp-json\/wp\/v2\/product_cat?post=6093"},{"taxonomy":"product_tag","embeddable":true,"href":"https:\/\/www.adalyaled.com\/tr\/wp-json\/wp\/v2\/product_tag?post=6093"}],"curies":[{"name":"wp","href":"https:\/\/api.w.org\/{rel}","templated":true}]}}