{"id":6075,"date":"2022-04-13T11:44:31","date_gmt":"2022-04-13T08:44:31","guid":{"rendered":"https:\/\/www.adalyaled.com\/product\/venus-bronze-2\/"},"modified":"2023-04-01T13:46:13","modified_gmt":"2023-04-01T10:46:13","slug":"venus-bronz","status":"publish","type":"product","link":"https:\/\/www.adalyaled.com\/tr\/shop\/venus-bronz\/","title":{"rendered":"VENUS &#8211; Bronz"},"content":{"rendered":"\t\t<div data-elementor-type=\"wp-post\" data-elementor-id=\"6075\" class=\"elementor elementor-6075\">\n\t\t\t\t\t\t<section class=\"elementor-section elementor-top-section elementor-element elementor-element-4b4eab08 elementor-section-boxed elementor-section-height-default elementor-section-height-default\" data-id=\"4b4eab08\" data-element_type=\"section\">\n\t\t\t\t\t\t<div class=\"elementor-container elementor-column-gap-default\">\n\t\t\t\t\t<div class=\"elementor-column elementor-col-100 elementor-top-column elementor-element elementor-element-14fd3e4b\" data-id=\"14fd3e4b\" data-element_type=\"column\">\n\t\t\t<div class=\"elementor-widget-wrap elementor-element-populated\">\n\t\t\t\t\t\t<div class=\"elementor-element elementor-element-2d10951c elementor-widget elementor-widget-text-editor\" data-id=\"2d10951c\" data-element_type=\"widget\" data-widget_type=\"text-editor.default\">\n\t\t\t\t<div class=\"elementor-widget-container\">\n\t\t\t<style>\/*! elementor - v3.23.0 - 05-08-2024 *\/\n.elementor-widget-text-editor.elementor-drop-cap-view-stacked .elementor-drop-cap{background-color:#69727d;color:#fff}.elementor-widget-text-editor.elementor-drop-cap-view-framed .elementor-drop-cap{color:#69727d;border:3px solid;background-color:transparent}.elementor-widget-text-editor:not(.elementor-drop-cap-view-default) .elementor-drop-cap{margin-top:8px}.elementor-widget-text-editor:not(.elementor-drop-cap-view-default) .elementor-drop-cap-letter{width:1em;height:1em}.elementor-widget-text-editor .elementor-drop-cap{float:left;text-align:center;line-height:1;font-size:50px}.elementor-widget-text-editor .elementor-drop-cap-letter{display:inline-block}<\/style>\t\t<div class=\"elementor-text-editor elementor-clearfix\"><p>Led rengi: S\u0131cak beyaz<\/p><p>G\u00f6vde malzemesi: Al\u00fcminyum Ala\u015f\u0131m<\/p><p>Ebat: 80&#215;330 mm (\u0130stedi\u011finiz ebatta yapabiliriz)<\/p><p>Zaman\u0131nda: %100 5 saat, %60 9 saat, %30 14 saat<\/p><p>Led \u00d6mr\u00fc: 50.000 saat<\/p><p>Pil: 2200 mAH 18650 \/ Lityum Pil<\/p><p>\u015earj S\u00fcresi: 5 saat<\/p><p>I\u015f\u0131k Kayna\u011f\u0131: 20 adet S\u00fcper parlak SMD \u0131\u015f\u0131k<\/p><p>Tu\u015f Tipi: Dokunma, 4 Seviye Karartma<\/p><p>(%1-100, %2-60, %3-30, 4-Kapal\u0131)<\/p><p>Garanti: 2 y\u0131l<\/p><\/div>\n\t\t\t\t<\/div>\n\t\t\t\t<\/div>\n\t\t\t\t\t<\/div>\n\t\t<\/div>\n\t\t\t\t\t<\/div>\n\t\t<\/section>\n\t\t\t\t<section class=\"elementor-section elementor-top-section elementor-element elementor-element-c5a38eb elementor-section-boxed elementor-section-height-default elementor-section-height-default\" data-id=\"c5a38eb\" data-element_type=\"section\">\n\t\t\t\t\t\t<div class=\"elementor-container elementor-column-gap-default\">\n\t\t\t\t\t<div class=\"elementor-column elementor-col-100 elementor-top-column elementor-element elementor-element-5621ce8\" data-id=\"5621ce8\" data-element_type=\"column\">\n\t\t\t<div class=\"elementor-widget-wrap elementor-element-populated\">\n\t\t\t\t\t\t<div class=\"elementor-element elementor-element-9ac2441 elementor-widget elementor-widget-image\" data-id=\"9ac2441\" data-element_type=\"widget\" data-widget_type=\"image.default\">\n\t\t\t\t<div class=\"elementor-widget-container\">\n\t\t\t<style>\/*! elementor - v3.23.0 - 05-08-2024 *\/\n.elementor-widget-image{text-align:center}.elementor-widget-image a{display:inline-block}.elementor-widget-image a img[src$=\".svg\"]{width:48px}.elementor-widget-image img{vertical-align:middle;display:inline-block}<\/style>        <div class=\"elementor-image\">\n                                                <img fetchpriority=\"high\" decoding=\"async\" width=\"1086\" height=\"700\" src=\"https:\/\/www.adalyaled.com\/wp-content\/uploads\/2022\/03\/adalyaled-red-gold-horizontal-1086x700.jpg\" class=\"attachment-auros-featured-image-full size-auros-featured-image-full wp-image-5010\" alt=\"\" \/>                                                            <\/div>\n        \t\t<\/div>\n\t\t\t\t<\/div>\n\t\t\t\t\t<\/div>\n\t\t<\/div>\n\t\t\t\t\t<\/div>\n\t\t<\/section>\n\t\t\t\t<\/div>\n\t\t","protected":false},"excerpt":{"rendered":"<p>Led Rengi: S\u0131cak Beyaz G\u00f6vde Malzemesi: Al\u00fcminyum Ala\u015f\u0131m Ebat: 80&#215;330 mm (\u0130stenilen ebatta \u00fcretilebilir) \u00c7al\u0131\u015fma S\u00fcresi: %100 5 saat, %60 9 saat, %30 14 saat Led \u00d6mr\u00fc: 50.000 saat Pil: 2200 mAH 18650 \/ Lityum Pil \u015earj S\u00fcresi: 5 saat I\u015f\u0131k Kayna\u011f\u0131: 20 adet S\u00fcper parlak SMD \u0131\u015f\u0131k Tu\u015f Tipi: Dokunma, 4 Seviye Karartma (%1-100, &hellip; <\/p>\n<p class=\"link-more\"><a href=\"https:\/\/www.adalyaled.com\/tr\/shop\/venus-bronz\/\" class=\"more-link\">Read More <span class=\"screen-reader-text\"> &#8220;VENUS &#8211; Bronz&#8221;<\/span><\/a><\/p>\n","protected":false},"featured_media":5878,"comment_status":"closed","ping_status":"closed","template":"","meta":[],"product_cat":[132],"product_tag":[],"class_list":{"0":"post-6075","1":"product","2":"type-product","3":"status-publish","4":"has-post-thumbnail","6":"product_cat-led-tr","8":"first","9":"instock","10":"shipping-taxable","11":"purchasable","12":"product-type-simple"},"_links":{"self":[{"href":"https:\/\/www.adalyaled.com\/tr\/wp-json\/wp\/v2\/product\/6075"}],"collection":[{"href":"https:\/\/www.adalyaled.com\/tr\/wp-json\/wp\/v2\/product"}],"about":[{"href":"https:\/\/www.adalyaled.com\/tr\/wp-json\/wp\/v2\/types\/product"}],"replies":[{"embeddable":true,"href":"https:\/\/www.adalyaled.com\/tr\/wp-json\/wp\/v2\/comments?post=6075"}],"version-history":[{"count":8,"href":"https:\/\/www.adalyaled.com\/tr\/wp-json\/wp\/v2\/product\/6075\/revisions"}],"predecessor-version":[{"id":7091,"href":"https:\/\/www.adalyaled.com\/tr\/wp-json\/wp\/v2\/product\/6075\/revisions\/7091"}],"wp:featuredmedia":[{"embeddable":true,"href":"https:\/\/www.adalyaled.com\/tr\/wp-json\/wp\/v2\/media\/5878"}],"wp:attachment":[{"href":"https:\/\/www.adalyaled.com\/tr\/wp-json\/wp\/v2\/media?parent=6075"}],"wp:term":[{"taxonomy":"product_cat","embeddable":true,"href":"https:\/\/www.adalyaled.com\/tr\/wp-json\/wp\/v2\/product_cat?post=6075"},{"taxonomy":"product_tag","embeddable":true,"href":"https:\/\/www.adalyaled.com\/tr\/wp-json\/wp\/v2\/product_tag?post=6075"}],"curies":[{"name":"wp","href":"https:\/\/api.w.org\/{rel}","templated":true}]}}