{"id":5908,"date":"2022-04-11T09:47:35","date_gmt":"2022-04-11T06:47:35","guid":{"rendered":"https:\/\/www.adalyaled.com\/distance-selling-contract\/"},"modified":"2022-05-05T12:19:23","modified_gmt":"2022-05-05T09:19:23","slug":"mesafeli-satis-sozlesmesi","status":"publish","type":"page","link":"https:\/\/www.adalyaled.com\/tr\/mesafeli-satis-sozlesmesi\/","title":{"rendered":"Mesafeli Sat\u0131\u015f S\u00f6zle\u015fmesi"},"content":{"rendered":"\t\t<div data-elementor-type=\"wp-post\" data-elementor-id=\"5908\" class=\"elementor elementor-5908\">\n\t\t\t\t\t\t<section class=\"elementor-section elementor-top-section elementor-element elementor-element-6629ce6 elementor-section-boxed elementor-section-height-default elementor-section-height-default\" data-id=\"6629ce6\" data-element_type=\"section\">\n\t\t\t\t\t\t<div class=\"elementor-container elementor-column-gap-no\">\n\t\t\t\t\t<div class=\"elementor-column elementor-col-100 elementor-top-column elementor-element elementor-element-162bb20\" data-id=\"162bb20\" data-element_type=\"column\">\n\t\t\t<div class=\"elementor-widget-wrap elementor-element-populated\">\n\t\t\t\t\t\t<section class=\"elementor-section elementor-inner-section elementor-element elementor-element-7e158c6 elementor-section-boxed elementor-section-height-default elementor-section-height-default\" data-id=\"7e158c6\" data-element_type=\"section\">\n\t\t\t\t\t\t<div class=\"elementor-container elementor-column-gap-no\">\n\t\t\t\t\t<div class=\"elementor-column elementor-col-100 elementor-inner-column elementor-element elementor-element-b1188d7\" data-id=\"b1188d7\" data-element_type=\"column\">\n\t\t\t<div class=\"elementor-widget-wrap elementor-element-populated\">\n\t\t\t\t\t\t<div class=\"elementor-element elementor-element-cb5f2f4 elementor-widget elementor-widget-heading\" data-id=\"cb5f2f4\" data-element_type=\"widget\" data-widget_type=\"heading.default\">\n\t\t\t\t<div class=\"elementor-widget-container\">\n\t\t\t<style>\/*! elementor - v3.23.0 - 05-08-2024 *\/\n.elementor-heading-title{padding:0;margin:0;line-height:1}.elementor-widget-heading .elementor-heading-title[class*=elementor-size-]>a{color:inherit;font-size:inherit;line-height:inherit}.elementor-widget-heading .elementor-heading-title.elementor-size-small{font-size:15px}.elementor-widget-heading .elementor-heading-title.elementor-size-medium{font-size:19px}.elementor-widget-heading .elementor-heading-title.elementor-size-large{font-size:29px}.elementor-widget-heading .elementor-heading-title.elementor-size-xl{font-size:39px}.elementor-widget-heading .elementor-heading-title.elementor-size-xxl{font-size:59px}<\/style><h2 class=\"elementor-heading-title elementor-size-default\">Mesafeli Sat\u0131\u015f S\u00f6zle\u015fmesi\n<\/h2>\t\t<\/div>\n\t\t\t\t<\/div>\n\t\t\t\t<div class=\"elementor-element elementor-element-f00193a elementor-widget elementor-widget-text-editor\" data-id=\"f00193a\" data-element_type=\"widget\" data-widget_type=\"text-editor.default\">\n\t\t\t\t<div class=\"elementor-widget-container\">\n\t\t\t<style>\/*! elementor - v3.23.0 - 05-08-2024 *\/\n.elementor-widget-text-editor.elementor-drop-cap-view-stacked .elementor-drop-cap{background-color:#69727d;color:#fff}.elementor-widget-text-editor.elementor-drop-cap-view-framed .elementor-drop-cap{color:#69727d;border:3px solid;background-color:transparent}.elementor-widget-text-editor:not(.elementor-drop-cap-view-default) .elementor-drop-cap{margin-top:8px}.elementor-widget-text-editor:not(.elementor-drop-cap-view-default) .elementor-drop-cap-letter{width:1em;height:1em}.elementor-widget-text-editor .elementor-drop-cap{float:left;text-align:center;line-height:1;font-size:50px}.elementor-widget-text-editor .elementor-drop-cap-letter{display:inline-block}<\/style>\t\t<div class=\"elementor-text-editor elementor-clearfix\"><p>\u0130\u015eBU S\u00d6ZLE\u015eME, \u0130NTERNET \u00dcZER\u0130NDEN VER\u0130LEN H\u0130ZMETLER \u0130\u00c7\u0130N GE\u00c7ERL\u0130D\u0130R VE GER\u00c7EK B\u0130REYLER YA DA T\u00dcZEL K\u0130\u015e\u0130LERLE <u>ADALYALED<\/u> ARASINDA BARINDIRMA H\u0130ZMET\u0130N\u0130N KULLANIM \u015eARTLARINI BEL\u0130RLEYEN KURALLARDAN OLU\u015eMAKTADIR. \u0130NTERNET S\u0130TEM\u0130Z \u00dcZER\u0130NDEN HERHANG\u0130 B\u0130R \u00dcR\u00dcN\u00dc S\u0130PAR\u0130\u015e ETMEDEN \u00d6NCE H\u0130ZMET S\u00d6ZLE\u015eMES\u0130N\u0130 VE BU S\u00d6ZLE\u015eMEN\u0130N AYRILMAZ B\u0130R PAR\u00c7ASI OLAN KULLANIM \u015eARTLARINI TAM OLARAK OKUMANIZ GEREKMEKTED\u0130R. H\u0130ZMET KULLANIM S\u00d6ZLE\u015eMES\u0130 UYMANIZ GEREKEN KURALLARI \u0130\u00c7ERMEKTED\u0130R. BU S\u00d6ZLE\u015eMEY\u0130 VEYA \u015eARTLARINDAN HERHANG\u0130 B\u0130R\u0130N\u0130 KABUL ETM\u0130YORSANIZ L\u00dcTFEN S\u0130PAR\u0130\u015e \u0130\u015eLEMLER\u0130N\u0130Z\u0130 \u0130PTAL ED\u0130N\u0130Z. HERHANG\u0130 B\u0130R \u00dcR\u00dcN VEYA H\u0130ZMET S\u0130PAR\u0130\u015e\u0130 VERMEY\u0130N\u0130Z.<\/p><p>\u00a0<\/p><p>H\u0130ZMET SA\u011eLAYICI ve TARAFLAR<\/p><p>\u0130\u015fbu s\u00f6zle\u015fme, <a href=\"http:\/\/www.adalyaled.com\/\">www.adalyaled.com<\/a>\u00a0 ile ADALYALED\u00a0 taraf\u0131ndan sa\u011flanan hizmetleri sat\u0131n alan m\u00fc\u015fteriler (bundan sonra k\u0131saca \u201cM\u00dc\u015eTER\u0130\u201d olarak an\u0131lacakt\u0131r.) aras\u0131nda akdedilmi\u015ftir.<\/p><p>\u00a0<\/p><p>Adres : Deniz mh. Teomanpa\u015fa cad. Ba\u015fak sitesi 43 \/ A Muratpa\u015fa \/ ANTALYA<\/p><p>\u00a0<\/p><p>S\u00d6ZLE\u015eMEN\u0130N KONUSU<\/p><p>M\u00fc\u015fterinin ADALYALED&#8217; e ait internet sitesinden elektronik ortamda sipari\u015fini verdi\u011fi a\u015fa\u011f\u0131da nitelikleri belirtilen hizmet ve \u00fcr\u00fcnlerin sat\u0131n al\u0131nmas\u0131\/sat\u0131\u015f\u0131 ile ilgili olarak 6502 Say\u0131l\u0131 T\u00fcketicilerin Korunmas\u0131 Hakk\u0131ndaki Kanun ve Mesafeli S\u00f6zle\u015fmelere Dair Y\u00f6netmelik h\u00fck\u00fcmleri ve di\u011fer t\u00fcm yasal d\u00fczenlemeler ve uygulamalar gere\u011fince taraflar\u0131n kar\u015f\u0131l\u0131kl\u0131 hak ve y\u00fck\u00fcml\u00fcl\u00fcklerinin saptanmas\u0131 i\u015fbu s\u00f6zle\u015fmenin konusunu olu\u015fturmaktad\u0131r.<\/p><p>\u00a0<\/p><p>S\u00f6zle\u015fmenin sanal ortamda imzalanmas\u0131n\u0131\/kabul\u00fcn\u00fc\/onay\u0131n\u0131 takiben, M\u00fc\u015fteri, bu s\u00f6zle\u015fmenin imzalanmas\u0131na\/kabul\u00fcne\/onay\u0131na kat\u0131lmak suretiyle, s\u00f6zle\u015fmeyi, s\u00f6zle\u015fmenin yan\u0131 s\u0131ra Hizmet Kullan\u0131m \u015eartlar\u0131n\u0131 da bu s\u00f6zle\u015fmeden ayr\u0131lmaz ve b\u00f6l\u00fcnemez bir b\u00fct\u00fcn olarak okuyup anlad\u0131\u011f\u0131n\u0131 ve ADALYALED&#8217;in zaman, zaman internet sitesinde yapaca\u011f\u0131 g\u00fcncellemeler ve d\u00fczenlemeleri de kapsayan ilave ya da farkl\u0131 kay\u0131t, \u015fart ve politikalar da dahil olmak \u00fczere i\u015fbu S\u00f6zle\u015fmedeki b\u00fct\u00fcn kay\u0131t ve \u015fartlara ba\u011fl\u0131 kalmay\u0131, b\u00fct\u00fcn kay\u0131t ve \u015fartlara uygun davranmay\u0131 kabul, beyan ve taahh\u00fct eder.<\/p><p>\u00a0<\/p><p>S\u00d6ZLE\u015eME\u2019N\u0130N S\u00dcRES\u0130<\/p><p>\u0130\u015fbu s\u00f6zle\u015fme s\u00f6zle\u015fmeye ek olarak getirilecek hizmet taahh\u00fctnamesi s\u00fcresince ge\u00e7erlidir. E\u011fer s\u00f6zle\u015fmeye ek bir hizmet taahh\u00fctnamesi getirilmemi\u015f ise s\u00f6zle\u015fme bir \u00f6deme d\u00f6nemi s\u00fcresince ge\u00e7erlidir, taraflardan biri, di\u011ferine bildirmedi\u011fi s\u00fcrece bir \u00f6deme d\u00f6nemi kadar devam etmektedir.<\/p><p>\u00a0<\/p><p>B\u0130LG\u0130<\/p><p>ADALYALED, hizmet kalitesini y\u00fckseltmek amac\u0131 ile, bilgi g\u00fcvenli\u011fi y\u00f6netim sistemi standartlar\u0131 olarak kabul edilen TS ISO IEC 27001:2013 Bilgi G\u00fcvenli\u011fi Y\u00f6netim Sistemleri, TS EN ISO 9001:2008 Kalite Y\u00f6netim Sistemleri, TS ISO IEC 20000_1 Bilgi Teknolojileri ve Hizmet Y\u00f6netim Sistemleri, TS EN ISO 22301:2013 Toplumsal G\u00fcvenlik ve \u0130\u015f S\u00fcreklili\u011fi Y\u00f6netim Sistemleri, yakla\u015f\u0131mlar\u0131n\u0131 uygulama karar\u0131 alm\u0131\u015ft\u0131r. Bu belge bu anlamda m\u00fc\u015fterilerimize bilgi verme amac\u0131 ile haz\u0131rlanm\u0131\u015ft\u0131r. ADALYALED, d\u00fcnya \u00e7ap\u0131nda kabul g\u00f6rm\u00fc\u015f olan bu standartlar\u0131 uygulayarak m\u00fc\u015fterilerine daha g\u00fcvenli hizmet vermeyi ama\u00e7lamaktad\u0131r.<\/p><p>\u00a0<\/p><p>Bu standartlar\u0131n ba\u015f\u0131nda gelen TS ISO IEC 27001:2013 Bilgi G\u00fcvenli\u011fi Y\u00f6netim Sistemini kurmak, ger\u00e7ekle\u015ftirmek, i\u015fletmek, izlemek, g\u00f6zden ge\u00e7irmek, s\u00fcrd\u00fcrmek ve s\u00fcrekli iyile\u015ftirmek i\u00e7in, ADALYALED b\u00fcnyesinde bir model haz\u0131rlanm\u0131\u015ft\u0131r.<\/p><p>\u00a0<\/p><p>S\u00d6ZLE\u015eME KONUSU \u00dcR\u00dcNLER<\/p><p>M\u00dc\u015eTER\u0130 \u2018nin ADALYALED\u2019e ait veri merkezinde kullanmak \u00fczere g\u00f6ndermi\u015f oldu\u011fu sunucular\u0131n ya da ADALYALED\u2019e ait kiral\u0131k sunucu, sanal sunucu, hosting ve di\u011fer hizmetlerinin s\u00f6zle\u015fmede bahsi ge\u00e7en nitelikleri haiz, sat\u0131\u015f fiyat\u0131 ADALYALED\u2019e ait web sitesi \u00fczerinden veya M\u00dc\u015eTER\u0130\u2019ye g\u00f6nderilmi\u015f e-posta ile belirlenen hizmettir. M\u00dc\u015eTER\u0130, sat\u0131\u015fa konu hizmetin temel nitelikleri, sat\u0131\u015f fiyat\u0131, \u00f6deme \u015fekli, teslimat ko\u015fullar\u0131 vs. sat\u0131\u015fa konu hizmet ile ilgili t\u00fcm \u00f6n bilgiler ve cayma hakk\u0131 konusunda bilgi sahibi oldu\u011funu, bu \u00f6n bilgileri elektronik ortamda okuyup teyit etti\u011fini ve sonras\u0131nda \u00fcr\u00fcn\u00fc sipari\u015f verdi\u011fini, i\u015fbu s\u00f6zle\u015fme h\u00fck\u00fcmlerince kabul ve beyan eder.<\/p><p>\u00a0<\/p><p>M\u00dc\u015eTER\u0130, \u00f6n bilgilendirmeyi elektronik ortamda teyit etmekle, mesafeli s\u00f6zle\u015fmelerin akdinden \u00f6nce, adres, sipari\u015fi verilen \u00fcr\u00fcn ve hizmetlere ait temel \u00f6zellikler, vergiler dahil T\u00fcrk Liras\u0131 fiyat\u0131, \u00f6deme ve teslimat bilgilerini de do\u011fru ve eksiksiz olarak edindi\u011fini teyit etmi\u015f olur.<\/p><\/div>\n\t\t\t\t<\/div>\n\t\t\t\t<\/div>\n\t\t\t\t\t<\/div>\n\t\t<\/div>\n\t\t\t\t\t<\/div>\n\t\t<\/section>\n\t\t\t\t\t<\/div>\n\t\t<\/div>\n\t\t\t\t\t<\/div>\n\t\t<\/section>\n\t\t\t\t<\/div>\n\t\t","protected":false},"excerpt":{"rendered":"<p>Mesafeli Sat\u0131\u015f S\u00f6zle\u015fmesi \u0130\u015eBU S\u00d6ZLE\u015eME, \u0130NTERNET \u00dcZER\u0130NDEN VER\u0130LEN H\u0130ZMETLER \u0130\u00c7\u0130N GE\u00c7ERL\u0130D\u0130R VE GER\u00c7EK B\u0130REYLER YA DA T\u00dcZEL K\u0130\u015e\u0130LERLE ADALYALED ARASINDA BARINDIRMA H\u0130ZMET\u0130N\u0130N KULLANIM \u015eARTLARINI BEL\u0130RLEYEN KURALLARDAN OLU\u015eMAKTADIR. \u0130NTERNET S\u0130TEM\u0130Z \u00dcZER\u0130NDEN HERHANG\u0130 B\u0130R \u00dcR\u00dcN\u00dc S\u0130PAR\u0130\u015e ETMEDEN \u00d6NCE H\u0130ZMET S\u00d6ZLE\u015eMES\u0130N\u0130 VE BU S\u00d6ZLE\u015eMEN\u0130N AYRILMAZ B\u0130R PAR\u00c7ASI OLAN KULLANIM \u015eARTLARINI TAM OLARAK OKUMANIZ GEREKMEKTED\u0130R. H\u0130ZMET KULLANIM S\u00d6ZLE\u015eMES\u0130 UYMANIZ &hellip; <\/p>\n<p class=\"link-more\"><a href=\"https:\/\/www.adalyaled.com\/tr\/mesafeli-satis-sozlesmesi\/\" class=\"more-link\">Read More <span class=\"screen-reader-text\"> &#8220;Mesafeli Sat\u0131\u015f S\u00f6zle\u015fmesi&#8221;<\/span><\/a><\/p>\n","protected":false},"author":1,"featured_media":0,"parent":0,"menu_order":0,"comment_status":"closed","ping_status":"closed","template":"","meta":{"footnotes":""},"class_list":["post-5908","page","type-page","status-publish","hentry"],"_links":{"self":[{"href":"https:\/\/www.adalyaled.com\/tr\/wp-json\/wp\/v2\/pages\/5908"}],"collection":[{"href":"https:\/\/www.adalyaled.com\/tr\/wp-json\/wp\/v2\/pages"}],"about":[{"href":"https:\/\/www.adalyaled.com\/tr\/wp-json\/wp\/v2\/types\/page"}],"author":[{"embeddable":true,"href":"https:\/\/www.adalyaled.com\/tr\/wp-json\/wp\/v2\/users\/1"}],"replies":[{"embeddable":true,"href":"https:\/\/www.adalyaled.com\/tr\/wp-json\/wp\/v2\/comments?post=5908"}],"version-history":[{"count":4,"href":"https:\/\/www.adalyaled.com\/tr\/wp-json\/wp\/v2\/pages\/5908\/revisions"}],"predecessor-version":[{"id":6165,"href":"https:\/\/www.adalyaled.com\/tr\/wp-json\/wp\/v2\/pages\/5908\/revisions\/6165"}],"wp:attachment":[{"href":"https:\/\/www.adalyaled.com\/tr\/wp-json\/wp\/v2\/media?parent=5908"}],"curies":[{"name":"wp","href":"https:\/\/api.w.org\/{rel}","templated":true}]}}