{"id":5899,"date":"2022-04-11T10:09:44","date_gmt":"2022-04-11T07:09:44","guid":{"rendered":"https:\/\/www.adalyaled.com\/personal-data-owner-application-guide\/"},"modified":"2022-05-05T12:04:43","modified_gmt":"2022-05-05T09:04:43","slug":"kisisel-veri-sahibi-basvuru-kilavuzu","status":"publish","type":"page","link":"https:\/\/www.adalyaled.com\/tr\/kisisel-veri-sahibi-basvuru-kilavuzu\/","title":{"rendered":"Ki\u015fisel Veri Sahibi Ba\u015fvuru K\u0131lavuzu"},"content":{"rendered":"\t\t<div data-elementor-type=\"wp-post\" data-elementor-id=\"5899\" class=\"elementor elementor-5899\">\n\t\t\t\t\t\t<section class=\"elementor-section elementor-top-section elementor-element elementor-element-6629ce6 elementor-section-boxed elementor-section-height-default elementor-section-height-default\" data-id=\"6629ce6\" data-element_type=\"section\">\n\t\t\t\t\t\t<div class=\"elementor-container elementor-column-gap-no\">\n\t\t\t\t\t<div class=\"elementor-column elementor-col-100 elementor-top-column elementor-element elementor-element-162bb20\" data-id=\"162bb20\" data-element_type=\"column\">\n\t\t\t<div class=\"elementor-widget-wrap elementor-element-populated\">\n\t\t\t\t\t\t<section class=\"elementor-section elementor-inner-section elementor-element elementor-element-7e158c6 elementor-section-boxed elementor-section-height-default elementor-section-height-default\" data-id=\"7e158c6\" data-element_type=\"section\">\n\t\t\t\t\t\t<div class=\"elementor-container elementor-column-gap-no\">\n\t\t\t\t\t<div class=\"elementor-column elementor-col-100 elementor-inner-column elementor-element elementor-element-b1188d7\" data-id=\"b1188d7\" data-element_type=\"column\">\n\t\t\t<div class=\"elementor-widget-wrap elementor-element-populated\">\n\t\t\t\t\t\t<div class=\"elementor-element elementor-element-cb5f2f4 elementor-widget elementor-widget-heading\" data-id=\"cb5f2f4\" data-element_type=\"widget\" data-widget_type=\"heading.default\">\n\t\t\t\t<div class=\"elementor-widget-container\">\n\t\t\t<style>\/*! elementor - v3.23.0 - 05-08-2024 *\/\n.elementor-heading-title{padding:0;margin:0;line-height:1}.elementor-widget-heading .elementor-heading-title[class*=elementor-size-]>a{color:inherit;font-size:inherit;line-height:inherit}.elementor-widget-heading .elementor-heading-title.elementor-size-small{font-size:15px}.elementor-widget-heading .elementor-heading-title.elementor-size-medium{font-size:19px}.elementor-widget-heading .elementor-heading-title.elementor-size-large{font-size:29px}.elementor-widget-heading .elementor-heading-title.elementor-size-xl{font-size:39px}.elementor-widget-heading .elementor-heading-title.elementor-size-xxl{font-size:59px}<\/style><h2 class=\"elementor-heading-title elementor-size-default\">Ki\u015fisel Veri Sahibi Ba\u015fvuru K\u0131lavuzu<\/h2>\t\t<\/div>\n\t\t\t\t<\/div>\n\t\t\t\t<div class=\"elementor-element elementor-element-f00193a elementor-widget elementor-widget-text-editor\" data-id=\"f00193a\" data-element_type=\"widget\" data-widget_type=\"text-editor.default\">\n\t\t\t\t<div class=\"elementor-widget-container\">\n\t\t\t<style>\/*! elementor - v3.23.0 - 05-08-2024 *\/\n.elementor-widget-text-editor.elementor-drop-cap-view-stacked .elementor-drop-cap{background-color:#69727d;color:#fff}.elementor-widget-text-editor.elementor-drop-cap-view-framed .elementor-drop-cap{color:#69727d;border:3px solid;background-color:transparent}.elementor-widget-text-editor:not(.elementor-drop-cap-view-default) .elementor-drop-cap{margin-top:8px}.elementor-widget-text-editor:not(.elementor-drop-cap-view-default) .elementor-drop-cap-letter{width:1em;height:1em}.elementor-widget-text-editor .elementor-drop-cap{float:left;text-align:center;line-height:1;font-size:50px}.elementor-widget-text-editor .elementor-drop-cap-letter{display:inline-block}<\/style>\t\t<div class=\"elementor-text-editor elementor-clearfix\"><p>Genel Bilgi<\/p><p>6698 say\u0131l\u0131 Ki\u015fisel Verilerin Korunmas\u0131 Kanunu (\u201cKVK Kanunu\u201d) ki\u015fisel veri sahiplerine kendisiyle ilgili ki\u015fisel veriler hakk\u0131nda bilgilendirilme, bu verilere eri\u015fme, ama\u00e7lar\u0131 do\u011frultusunda kullan\u0131l\u0131p kullan\u0131lmad\u0131\u011f\u0131n\u0131 \u00f6\u011frenme ve bunlar\u0131n d\u00fczeltilmesini veya silinmesini talep etme gibi birtak\u0131m taleplerde bulunma hakk\u0131 tan\u0131m\u0131\u015ft\u0131r.<\/p><p>\u00a0<\/p><p>KVKK Kanunu\u2019nun 13\u2019\u00fcnc\u00fc maddesinin birinci f\u0131kras\u0131 uyar\u0131nca; veri sorumlusu olan ADALYALED\u2019e\u00a0 bu haklara ili\u015fkin olarak yap\u0131lacak ba\u015fvurular\u0131n yaz\u0131l\u0131 olarak i\u015fbu Ki\u015fisel Veri Sahibi Ba\u015fvuru Formu veya Ki\u015fisel Verilerin Korunmas\u0131 Kurulu (\u201cKurul\u201d) taraf\u0131ndan belirlenen di\u011fer y\u00f6ntemlerle iletilmesi gerekmektedir.<\/p><p>\u00a0<\/p><p>Bu \u00e7er\u00e7evede \u201cyaz\u0131l\u0131\u201d olarak ADALYALED&#8217;e yap\u0131lacak ba\u015fvurular, i\u015fbu formun \u00e7\u0131kt\u0131s\u0131 al\u0131narak;<\/p><p>\u00a0<\/p><p>Ba\u015fvuru Sahibinin \u015fahsen ba\u015fvurusu ile,<\/p><p>Noter vas\u0131tas\u0131yla,<\/p><p>Ba\u015fvuru Sahibince 5070 say\u0131l\u0131 Elektronik \u0130mza Kanunu\u2019nda tan\u0131ml\u0131 olan \u201cg\u00fcvenli elektronik imza\u201d ile imzalanarak \u015firketimiz kay\u0131tl\u0131 elektronik posta adresine g\u00f6nderilmek suretiyle,<\/p><p>ADALYALED\u2019e bildirmi\u015f oldu\u011fu kay\u0131tl\u0131 e-mail adresiyle, ADALYALED kay\u0131tl\u0131 elektronik posta adresine g\u00f6nderilmek suretiyle, taraf\u0131m\u0131za iletilebilecektir. Yaz\u0131l\u0131 ba\u015fvuru kanallar\u0131na ve g\u00f6nderimlerde belirtilecek bilgi notlar\u0131na ili\u015fkin a\u00e7\u0131klamalara a\u015fa\u011f\u0131daki tabloda yer verilmi\u015ftir.<\/p><p>Ba\u015fvuru Hakk\u0131<\/p><p>Ba\u015fvuru Konular\u0131<\/p><p>\u00a0<\/p><p>KVK Kanunu\u2019nun 11. maddesi uyar\u0131nca, ki\u015fisel verileri i\u015flenen herkes ADALYALED\u2019e yukar\u0131da bahsedilen \u015fekilde ba\u015fvurarak a\u015fa\u011f\u0131da yer alan konularla ilgili taleplerde bulunabilecektir:<\/p><p>\u00a0<\/p><p>Ki\u015fisel verilerinin i\u015flenip i\u015flenmedi\u011fini \u00f6\u011frenme,<\/p><p>Ki\u015fisel verileri i\u015flenmi\u015fse, buna ili\u015fkin bilgi talep etme,<\/p><p>Ki\u015fisel verilerinin i\u015flenme amac\u0131n\u0131 ve ki\u015fisel verilerinin amac\u0131na uygun kullan\u0131l\u0131p kullan\u0131lmad\u0131\u011f\u0131n\u0131 \u00f6\u011frenme,<\/p><p>Ki\u015fisel verilerinin yurt i\u00e7inde veya yurt d\u0131\u015f\u0131nda aktar\u0131ld\u0131\u011f\u0131 \u00fc\u00e7\u00fcnc\u00fc ki\u015fileri \u00f6\u011frenme,<\/p><p>Ki\u015fisel verilerinin eksik veya yanl\u0131\u015f i\u015flenmi\u015f olmas\u0131 halinde bunlar\u0131n d\u00fczeltilmesini isteme ve bu kapsamda yap\u0131lan i\u015flemin ki\u015fisel verilerinin aktar\u0131ld\u0131\u011f\u0131 \u00fc\u00e7\u00fcnc\u00fc ki\u015filere bildirilmesini isteme,<\/p><p>Ki\u015fisel verilerinin i\u015flenmesini gerektiren sebeplerin ortadan kalkmas\u0131 halinde bunlar\u0131n silinmesini, yok edilmesini veya anonim hale getirilmesini isteme ve bu kapsamda yap\u0131lan i\u015flemin ki\u015fisel verilerinin aktar\u0131ld\u0131\u011f\u0131 \u00fc\u00e7\u00fcnc\u00fc ki\u015filere bildirilmesini isteme,<\/p><p>\u0130\u015flenen verilerinin m\u00fcnhas\u0131ran otomatik sistemler vas\u0131tas\u0131yla analiz edilmesi suretiyle veri sahibinin aleyhine bir sonucun ortaya \u00e7\u0131kmas\u0131na itiraz etme,<\/p><p>Ki\u015fisel verilerinin kanuna ayk\u0131r\u0131 olarak i\u015flenmesi sebebiyle zarara u\u011framas\u0131 halinde zarar\u0131n giderilmesini talep etme.<\/p><p>Ba\u015fvuru Hakk\u0131 Kapsam\u0131 D\u0131\u015f\u0131nda Kalan Durumlar<\/p><p>\u00a0<\/p><p>KVK Kanunu\u2019nun 28. maddesi uyar\u0131nca, a\u015fa\u011f\u0131daki haller KVK Kanun\u2019u kapsam\u0131 d\u0131\u015f\u0131nda tutuldu\u011fundan ki\u015fisel veri sahiplerinin ba\u015fvuru haklar\u0131n\u0131 ileri s\u00fcrmeleri m\u00fcmk\u00fcn olmayacakt\u0131r:<\/p><p>\u00a0<\/p><p>Ki\u015fisel verilerinin resmi istatistik ile anonim h\u00e2le getirilmek suretiyle ara\u015ft\u0131rma, planlama ve istatistik gibi ama\u00e7larla i\u015flenmesi.<\/p><p>Ki\u015fisel verilerinin mill\u00ee savunmay\u0131, mill\u00ee g\u00fcvenli\u011fi, kamu g\u00fcvenli\u011fini, kamu d\u00fczenini, ekonomik g\u00fcvenli\u011fi, \u00f6zel hayat\u0131n gizlili\u011fini veya ki\u015filik haklar\u0131n\u0131 ihlal etmemek ya da su\u00e7 te\u015fkil etmemek kayd\u0131yla, sanat, tarih, edebiyat veya bilimsel ama\u00e7larla ya da ifade \u00f6zg\u00fcrl\u00fc\u011f\u00fc kapsam\u0131nda i\u015flenmesi.<\/p><p>Ki\u015fisel verilerinin mill\u00ee savunmay\u0131, mill\u00ee g\u00fcvenli\u011fi, kamu g\u00fcvenli\u011fini, kamu d\u00fczenini veya ekonomik g\u00fcvenli\u011fi sa\u011flamaya y\u00f6nelik olarak kanunla g\u00f6rev ve yetki verilmi\u015f kamu kurum ve kurulu\u015flar\u0131 taraf\u0131ndan y\u00fcr\u00fct\u00fclen \u00f6nleyici, koruyucu ve istihbar\u0131 faaliyetler kapsam\u0131nda i\u015flenmesi.<\/p><p>Ki\u015fisel verilerinin soru\u015fturma, kovu\u015fturma, yarg\u0131lama veya infaz i\u015flemlerine ili\u015fkin olarak yarg\u0131 makamlar\u0131 veya infaz mercileri taraf\u0131ndan i\u015flenmesi.<\/p><p>KVKK Kanunu\u2019nun 28. maddesinin 2. f\u0131kras\u0131 uyar\u0131nca, zarar\u0131n giderilmesini talep etme hakk\u0131 hari\u00e7 olmak \u00fczere, a\u015fa\u011f\u0131daki durumlarda da haklar\u0131n ileri s\u00fcr\u00fclebilmesi m\u00fcmk\u00fcn de\u011fildir:<\/p><p>\u00a0<\/p><p>Ki\u015fisel veri i\u015flemenin su\u00e7 i\u015flenmesinin \u00f6nlenmesi veya su\u00e7 soru\u015fturmas\u0131 i\u00e7in gerekli olmas\u0131,<\/p><p>\u0130lgili ki\u015finin kendisi taraf\u0131ndan alenile\u015ftirilmi\u015f ki\u015fisel verilerin i\u015flenmesi,<\/p><p>Ki\u015fisel veri i\u015flemenin kanunun verdi\u011fi yetkiye dayan\u0131larak g\u00f6revli ve yetkili kamu kurum ve kurulu\u015flar\u0131 ile kamu kurumu niteli\u011findeki meslek kurulu\u015flar\u0131nca, denetleme veya d\u00fczenleme g\u00f6revlerinin y\u00fcr\u00fct\u00fclmesi ile disiplin soru\u015fturmas\u0131 veya kovu\u015fturma i\u00e7in gerekli olmas\u0131,<\/p><p>Ki\u015fisel veri i\u015flemenin b\u00fct\u00e7e, vergi ve mali konulara ili\u015fkin olarak Devletin ekonomik ve mali \u00e7\u0131karlar\u0131n\u0131n korunmas\u0131 i\u00e7in gerekli olmas\u0131.<\/p><p>ADALYALED\u2019in Ba\u015fvurulara Cevap Verme Usul\u00fc ve S\u00fcresi<\/p><p>KVK Kanunu\u2019nun 13. maddesine uygun olarak, adalyaled, ki\u015fisel veri sahiplerinin yapm\u0131\u015f oldu\u011fu ba\u015fvuru taleplerini, talebin niteli\u011fine g\u00f6re en ge\u00e7 30 (otuz) g\u00fcn i\u00e7inde \u00fccretsiz olarak sonu\u00e7land\u0131r\u0131lacakt\u0131r. Ancak, i\u015flemin ayr\u0131ca bir maliyeti gerektirmesi h\u00e2linde, KVK Kurulunca belirlenen tarifedeki \u00fccret al\u0131nabilir. \u015eirketimiz, ba\u015fvuruyu kabul edebilece\u011fi gibi, gerek\u00e7esini a\u00e7\u0131klayarak a\u015fa\u011f\u0131da say\u0131l\u0131 nedenlerle reddedebilir ve cevab\u0131n\u0131 ilgili ki\u015fiye yaz\u0131l\u0131 olarak veya elektronik ortamda bildirebilir. Ki\u015fisel veri sahibinin ba\u015fvurusu a\u015fa\u011f\u0131da belirtilen durumlarda reddedilebilecektir:<\/p><p>\u00a0<\/p><p>Di\u011fer ki\u015filerin hak ve \u00f6zg\u00fcrl\u00fcklerini engellemesi<\/p><p>Orant\u0131s\u0131z \u00e7aba gerektirmesi<\/p><p>Bilginin kamuya a\u00e7\u0131k bir bilgi olmas\u0131<\/p><p>Ba\u015fkalar\u0131n\u0131n gizlili\u011fini tehlikeye atmas\u0131<\/p><p>KVK Kanunu uyar\u0131nca kapsam d\u0131\u015f\u0131nda kalan hallerden birinin mevcut olmas\u0131 (bkz. 2.2.)<\/p><p>Ki\u015fisel Veri Sahibinin Kurul\u2019 a \u015eik\u00e2yette Bulunma Hakk\u0131<\/p><p>KVK Kanunu\u2019nun 14. maddesi uyar\u0131nca, ki\u015fisel veri sahibi, ba\u015fvurusunun reddedilmesi, verilen cevab\u0131 yetersiz bulmas\u0131 veya s\u00fcresinde ba\u015fvurusuna cevap verilmemesi hallerinde, veri sorumlusunun cevab\u0131n\u0131 \u00f6\u011frendi\u011fi tarihten itibaren otuz ve her halde ba\u015fvuru tarihinden itibaren altm\u0131\u015f g\u00fcn i\u00e7inde KVK Kurulu\u2019na \u015fik\u00e2yette bulunabilir. \u015eirketimize ba\u015fvuru ger\u00e7ekle\u015ftirilmeden Kurul \u2018a \u015fik\u00e2yet s\u00f6z konusu olamayacakt\u0131r.<\/p><p>\u00a0<\/p><p>Di\u011fer Hususlar<\/p><p>ADALYALED ilgili veri sahibinden ilave bilgi talep edebilir ve ki\u015fisel veri sahibinin ba\u015fvurusunda yer alan hususlar\u0131 netle\u015ftirmek ad\u0131na, ki\u015fisel veri sahibine ba\u015fvurusu ile ilgili sorular y\u00f6neltebilir.<\/p><\/div>\n\t\t\t\t<\/div>\n\t\t\t\t<\/div>\n\t\t\t\t\t<\/div>\n\t\t<\/div>\n\t\t\t\t\t<\/div>\n\t\t<\/section>\n\t\t\t\t\t<\/div>\n\t\t<\/div>\n\t\t\t\t\t<\/div>\n\t\t<\/section>\n\t\t\t\t<section class=\"elementor-section elementor-top-section elementor-element elementor-element-a00a8ee elementor-section-stretched elementor-hidden-desktop elementor-hidden-tablet elementor-hidden-mobile elementor-section-boxed elementor-section-height-default elementor-section-height-default\" data-id=\"a00a8ee\" data-element_type=\"section\" data-settings=\"{&quot;stretch_section&quot;:&quot;section-stretched&quot;}\">\n\t\t\t\t\t\t<div class=\"elementor-container elementor-column-gap-no\">\n\t\t\t\t\t<div class=\"elementor-column elementor-col-100 elementor-top-column elementor-element elementor-element-10d235c animated-fast elementor-invisible\" data-id=\"10d235c\" data-element_type=\"column\" data-settings=\"{&quot;animation&quot;:&quot;opal-move-up&quot;}\">\n\t\t\t<div class=\"elementor-widget-wrap elementor-element-populated\">\n\t\t\t\t\t\t<div class=\"elementor-element elementor-element-9a1fe85 elementor-widget elementor-widget-heading\" data-id=\"9a1fe85\" data-element_type=\"widget\" data-widget_type=\"heading.default\">\n\t\t\t\t<div class=\"elementor-widget-container\">\n\t\t\t<h2 class=\"elementor-heading-title elementor-size-default\">Need a Support?<\/h2>\t\t<\/div>\n\t\t\t\t<\/div>\n\t\t\t\t<section class=\"elementor-section elementor-inner-section elementor-element elementor-element-561573b elementor-section-full_width animated-fast elementor-section-height-default elementor-section-height-default elementor-invisible\" data-id=\"561573b\" data-element_type=\"section\" data-settings=\"{&quot;animation&quot;:&quot;opal-move-up&quot;}\">\n\t\t\t\t\t\t<div class=\"elementor-container elementor-column-gap-no\">\n\t\t\t\t\t<div class=\"elementor-column elementor-col-25 elementor-inner-column elementor-element elementor-element-aaf14cc\" data-id=\"aaf14cc\" data-element_type=\"column\">\n\t\t\t<div class=\"elementor-widget-wrap elementor-element-populated\">\n\t\t\t\t\t\t<div class=\"elementor-element elementor-element-110979d elementor-view-default elementor-position-top elementor-mobile-position-top elementor-widget elementor-widget-icon-box\" data-id=\"110979d\" data-element_type=\"widget\" data-widget_type=\"icon-box.default\">\n\t\t\t\t<div class=\"elementor-widget-container\">\n\t\t\t<link rel=\"stylesheet\" href=\"https:\/\/www.adalyaled.com\/wp-content\/plugins\/elementor\/assets\/css\/widget-icon-box.min.css\">\t\t<div class=\"elementor-icon-box-wrapper\">\n\n\t\t\t\t\t\t<div class=\"elementor-icon-box-icon\">\n\t\t\t\t<span  class=\"elementor-icon elementor-animation-\">\n\t\t\t\t<i class=\"opal-icon-chat-support\" aria-hidden=\"true\"><\/i>\t\t\t\t<\/span>\n\t\t\t<\/div>\n\t\t\t\n\t\t\t\t\t\t<div class=\"elementor-icon-box-content\">\n\n\t\t\t\t\t\t\t\t\t<h3 class=\"elementor-icon-box-title\">\n\t\t\t\t\t\t<span  >\n\t\t\t\t\t\t\tChat Support\t\t\t\t\t\t<\/span>\n\t\t\t\t\t<\/h3>\n\t\t\t\t\n\t\t\t\t\n\t\t\t<\/div>\n\t\t\t\n\t\t<\/div>\n\t\t\t\t<\/div>\n\t\t\t\t<\/div>\n\t\t\t\t\t<\/div>\n\t\t<\/div>\n\t\t\t\t<div class=\"elementor-column elementor-col-25 elementor-inner-column elementor-element elementor-element-7916b58\" data-id=\"7916b58\" data-element_type=\"column\">\n\t\t\t<div class=\"elementor-widget-wrap elementor-element-populated\">\n\t\t\t\t\t\t<div class=\"elementor-element elementor-element-2e16588 elementor-view-default elementor-position-top elementor-mobile-position-top elementor-widget elementor-widget-icon-box\" data-id=\"2e16588\" data-element_type=\"widget\" data-widget_type=\"icon-box.default\">\n\t\t\t\t<div class=\"elementor-widget-container\">\n\t\t\t\t\t<div class=\"elementor-icon-box-wrapper\">\n\n\t\t\t\t\t\t<div class=\"elementor-icon-box-icon\">\n\t\t\t\t<span  class=\"elementor-icon elementor-animation-\">\n\t\t\t\t<i class=\"opal-icon-tweet-support\" aria-hidden=\"true\"><\/i>\t\t\t\t<\/span>\n\t\t\t<\/div>\n\t\t\t\n\t\t\t\t\t\t<div class=\"elementor-icon-box-content\">\n\n\t\t\t\t\t\t\t\t\t<h3 class=\"elementor-icon-box-title\">\n\t\t\t\t\t\t<span  >\n\t\t\t\t\t\t\tTweet Support\t\t\t\t\t\t<\/span>\n\t\t\t\t\t<\/h3>\n\t\t\t\t\n\t\t\t\t\n\t\t\t<\/div>\n\t\t\t\n\t\t<\/div>\n\t\t\t\t<\/div>\n\t\t\t\t<\/div>\n\t\t\t\t\t<\/div>\n\t\t<\/div>\n\t\t\t\t<div class=\"elementor-column elementor-col-25 elementor-inner-column elementor-element elementor-element-0fc590b\" data-id=\"0fc590b\" data-element_type=\"column\">\n\t\t\t<div class=\"elementor-widget-wrap elementor-element-populated\">\n\t\t\t\t\t\t<div class=\"elementor-element elementor-element-c992a9d elementor-view-default elementor-position-top elementor-mobile-position-top elementor-widget elementor-widget-icon-box\" data-id=\"c992a9d\" data-element_type=\"widget\" data-widget_type=\"icon-box.default\">\n\t\t\t\t<div class=\"elementor-widget-container\">\n\t\t\t\t\t<div class=\"elementor-icon-box-wrapper\">\n\n\t\t\t\t\t\t<div class=\"elementor-icon-box-icon\">\n\t\t\t\t<span  class=\"elementor-icon elementor-animation-\">\n\t\t\t\t<i class=\"opal-icon-phone-support\" aria-hidden=\"true\"><\/i>\t\t\t\t<\/span>\n\t\t\t<\/div>\n\t\t\t\n\t\t\t\t\t\t<div class=\"elementor-icon-box-content\">\n\n\t\t\t\t\t\t\t\t\t<h3 class=\"elementor-icon-box-title\">\n\t\t\t\t\t\t<span  >\n\t\t\t\t\t\t\tPhone Consultant\t\t\t\t\t\t<\/span>\n\t\t\t\t\t<\/h3>\n\t\t\t\t\n\t\t\t\t\n\t\t\t<\/div>\n\t\t\t\n\t\t<\/div>\n\t\t\t\t<\/div>\n\t\t\t\t<\/div>\n\t\t\t\t\t<\/div>\n\t\t<\/div>\n\t\t\t\t<div class=\"elementor-column elementor-col-25 elementor-inner-column elementor-element elementor-element-e556f64\" data-id=\"e556f64\" data-element_type=\"column\">\n\t\t\t<div class=\"elementor-widget-wrap elementor-element-populated\">\n\t\t\t\t\t\t<div class=\"elementor-element elementor-element-8ca2794 elementor-view-default elementor-position-top elementor-mobile-position-top elementor-widget elementor-widget-icon-box\" data-id=\"8ca2794\" data-element_type=\"widget\" data-widget_type=\"icon-box.default\">\n\t\t\t\t<div class=\"elementor-widget-container\">\n\t\t\t\t\t<div class=\"elementor-icon-box-wrapper\">\n\n\t\t\t\t\t\t<div class=\"elementor-icon-box-icon\">\n\t\t\t\t<span  class=\"elementor-icon elementor-animation-\">\n\t\t\t\t<i class=\"opal-icon-forum\" aria-hidden=\"true\"><\/i>\t\t\t\t<\/span>\n\t\t\t<\/div>\n\t\t\t\n\t\t\t\t\t\t<div class=\"elementor-icon-box-content\">\n\n\t\t\t\t\t\t\t\t\t<h3 class=\"elementor-icon-box-title\">\n\t\t\t\t\t\t<span  >\n\t\t\t\t\t\t\tVisit Our Forum\t\t\t\t\t\t<\/span>\n\t\t\t\t\t<\/h3>\n\t\t\t\t\n\t\t\t\t\n\t\t\t<\/div>\n\t\t\t\n\t\t<\/div>\n\t\t\t\t<\/div>\n\t\t\t\t<\/div>\n\t\t\t\t\t<\/div>\n\t\t<\/div>\n\t\t\t\t\t<\/div>\n\t\t<\/section>\n\t\t\t\t\t<\/div>\n\t\t<\/div>\n\t\t\t\t\t<\/div>\n\t\t<\/section>\n\t\t\t\t<\/div>\n\t\t","protected":false},"excerpt":{"rendered":"<p>Ki\u015fisel Veri Sahibi Ba\u015fvuru K\u0131lavuzu Genel Bilgi 6698 say\u0131l\u0131 Ki\u015fisel Verilerin Korunmas\u0131 Kanunu (\u201cKVK Kanunu\u201d) ki\u015fisel veri sahiplerine kendisiyle ilgili ki\u015fisel veriler hakk\u0131nda bilgilendirilme, bu verilere eri\u015fme, ama\u00e7lar\u0131 do\u011frultusunda kullan\u0131l\u0131p kullan\u0131lmad\u0131\u011f\u0131n\u0131 \u00f6\u011frenme ve bunlar\u0131n d\u00fczeltilmesini veya silinmesini talep etme gibi birtak\u0131m taleplerde bulunma hakk\u0131 tan\u0131m\u0131\u015ft\u0131r. \u00a0 KVKK Kanunu\u2019nun 13\u2019\u00fcnc\u00fc maddesinin birinci f\u0131kras\u0131 uyar\u0131nca; veri sorumlusu &hellip; <\/p>\n<p class=\"link-more\"><a href=\"https:\/\/www.adalyaled.com\/tr\/kisisel-veri-sahibi-basvuru-kilavuzu\/\" class=\"more-link\">Read More <span class=\"screen-reader-text\"> &#8220;Ki\u015fisel Veri Sahibi Ba\u015fvuru K\u0131lavuzu&#8221;<\/span><\/a><\/p>\n","protected":false},"author":1,"featured_media":0,"parent":0,"menu_order":0,"comment_status":"closed","ping_status":"closed","template":"","meta":{"footnotes":""},"class_list":["post-5899","page","type-page","status-publish","hentry"],"_links":{"self":[{"href":"https:\/\/www.adalyaled.com\/tr\/wp-json\/wp\/v2\/pages\/5899"}],"collection":[{"href":"https:\/\/www.adalyaled.com\/tr\/wp-json\/wp\/v2\/pages"}],"about":[{"href":"https:\/\/www.adalyaled.com\/tr\/wp-json\/wp\/v2\/types\/page"}],"author":[{"embeddable":true,"href":"https:\/\/www.adalyaled.com\/tr\/wp-json\/wp\/v2\/users\/1"}],"replies":[{"embeddable":true,"href":"https:\/\/www.adalyaled.com\/tr\/wp-json\/wp\/v2\/comments?post=5899"}],"version-history":[{"count":4,"href":"https:\/\/www.adalyaled.com\/tr\/wp-json\/wp\/v2\/pages\/5899\/revisions"}],"predecessor-version":[{"id":6148,"href":"https:\/\/www.adalyaled.com\/tr\/wp-json\/wp\/v2\/pages\/5899\/revisions\/6148"}],"wp:attachment":[{"href":"https:\/\/www.adalyaled.com\/tr\/wp-json\/wp\/v2\/media?parent=5899"}],"curies":[{"name":"wp","href":"https:\/\/api.w.org\/{rel}","templated":true}]}}