{"id":7427,"date":"2022-08-22T14:15:37","date_gmt":"2022-08-22T11:15:37","guid":{"rendered":"https:\/\/www.adalyaled.com\/?post_type=product&#038;p=7427"},"modified":"2023-04-01T13:44:24","modified_gmt":"2023-04-01T10:44:24","slug":"lal-silber","status":"publish","type":"product","link":"https:\/\/www.adalyaled.com\/de\/shop\/lal-silber\/","title":{"rendered":"Lal &#8211; Silber"},"content":{"rendered":"<p>LED-Farbe: Warmwei\u00df<\/p>\n<p>K\u00f6rpermaterial: Aluminiumlegierung<\/p>\n<p>Gr\u00f6\u00dfe: 80 x 230 mm<\/p>\n<p>Einschaltzeit: 100 % 5 Stunden, 60 % 9 Stunden, 30 % 14 Stunden<\/p>\n<p>LED-Lebensdauer: 50.000 Stunden<\/p>\n<p>Batterie: 2200 mAh 18650 \/ Lithium-Batterie<\/p>\n<p>Ladezeit: 5 Stunden<\/p>\n<p>Lichtquelle: 20 St\u00fcck Superhelles SMD-Licht<\/p>\n<p>Tastentyp: Ber\u00fchrung, 4-Stufen-Dimmung<\/p>\n<p>(1-100 %, 2-60 %, 3-30 %, 4-Aus)<\/p>\n<p>Garantie: 2 Jahre<\/p>\n","protected":false},"excerpt":{"rendered":"<p>LED-Farbe: Warmwei\u00df K\u00f6rpermaterial: Aluminiumlegierung Gr\u00f6\u00dfe: 80 x 230 mm Einschaltzeit: 100 % 5 Stunden, 60 % 9 Stunden, 30 % 14 Stunden LED-Lebensdauer: 50.000 Stunden Batterie: 2200 mAh 18650 \/ Lithium-Batterie Ladezeit: 5 Stunden Lichtquelle: 20 St\u00fcck Superhelles SMD-Licht Tastentyp: Ber\u00fchrung, 4-Stufen-Dimmung (1-100 %, 2-60 %, 3-30 %, 4-Aus) Garantie: 2 Jahre<\/p>\n","protected":false},"featured_media":7468,"comment_status":"closed","ping_status":"closed","template":"","meta":[],"product_cat":[131],"product_tag":[],"class_list":{"0":"post-7427","1":"product","2":"type-product","3":"status-publish","4":"has-post-thumbnail","6":"product_cat-led-de","8":"first","9":"instock","10":"shipping-taxable","11":"purchasable","12":"product-type-simple"},"_links":{"self":[{"href":"https:\/\/www.adalyaled.com\/de\/wp-json\/wp\/v2\/product\/7427"}],"collection":[{"href":"https:\/\/www.adalyaled.com\/de\/wp-json\/wp\/v2\/product"}],"about":[{"href":"https:\/\/www.adalyaled.com\/de\/wp-json\/wp\/v2\/types\/product"}],"replies":[{"embeddable":true,"href":"https:\/\/www.adalyaled.com\/de\/wp-json\/wp\/v2\/comments?post=7427"}],"version-history":[{"count":3,"href":"https:\/\/www.adalyaled.com\/de\/wp-json\/wp\/v2\/product\/7427\/revisions"}],"predecessor-version":[{"id":7501,"href":"https:\/\/www.adalyaled.com\/de\/wp-json\/wp\/v2\/product\/7427\/revisions\/7501"}],"wp:featuredmedia":[{"embeddable":true,"href":"https:\/\/www.adalyaled.com\/de\/wp-json\/wp\/v2\/media\/7468"}],"wp:attachment":[{"href":"https:\/\/www.adalyaled.com\/de\/wp-json\/wp\/v2\/media?parent=7427"}],"wp:term":[{"taxonomy":"product_cat","embeddable":true,"href":"https:\/\/www.adalyaled.com\/de\/wp-json\/wp\/v2\/product_cat?post=7427"},{"taxonomy":"product_tag","embeddable":true,"href":"https:\/\/www.adalyaled.com\/de\/wp-json\/wp\/v2\/product_tag?post=7427"}],"curies":[{"name":"wp","href":"https:\/\/api.w.org\/{rel}","templated":true}]}}