{"id":6082,"date":"2022-03-29T13:29:48","date_gmt":"2022-03-29T10:29:48","guid":{"rendered":"https:\/\/www.adalyaled.com\/product\/venus-white-marble-pattern-2\/"},"modified":"2023-04-01T13:47:06","modified_gmt":"2023-04-01T10:47:06","slug":"venus-white-marble-pattern","status":"publish","type":"product","link":"https:\/\/www.adalyaled.com\/de\/shop\/venus-white-marble-pattern\/","title":{"rendered":"VENUS &#8211; Wei\u00dfes Marmormuster"},"content":{"rendered":"<p>LED-Farbe: Warmwei\u00df<\/p>\n<p>K\u00f6rpermaterial: Aluminiumlegierung<\/p>\n<p>Gr\u00f6\u00dfe: 80 x 330 mm (Wir k\u00f6nnen jede gew\u00fcnschte Gr\u00f6\u00dfe herstellen)<\/p>\n<p>Einschaltzeit: 100 % 5 Stunden, 60 % 9 Stunden, 30 % 14 Stunden<\/p>\n<p>LED-Lebensdauer: 50.000 Stunden<\/p>\n<p>Batterie: 2200 mAh 18650 \/ Lithium-Batterie<\/p>\n<p>Ladezeit: 5 Stunden<\/p>\n<p>Lichtquelle: 20 St\u00fcck Superhelles SMD-Licht<\/p>\n<p>Tastentyp: Ber\u00fchrung, 4-Stufen-Dimmung<\/p>\n<p>(1-100 %, 2-60 %, 3-30 %, 4-Aus)<\/p>\n<p>Garantie: 2 Jahre<\/p>\n","protected":false},"excerpt":{"rendered":"<p>LED-Farbe: Warmwei\u00df K\u00f6rpermaterial: Aluminiumlegierung Gr\u00f6\u00dfe: 80 x 330 mm (Wir k\u00f6nnen jede gew\u00fcnschte Gr\u00f6\u00dfe herstellen) Einschaltzeit: 100 % 5 Stunden, 60 % 9 Stunden, 30 % 14 Stunden LED-Lebensdauer: 50.000 Stunden Batterie: 2200 mAh 18650 \/ Lithium-Batterie Ladezeit: 5 Stunden Lichtquelle: 20 St\u00fcck Superhelles SMD-Licht Tastentyp: Ber\u00fchrung, 4-Stufen-Dimmung (1-100 %, 2-60 %, 3-30 %, 4-Aus) &hellip; <\/p>\n<p class=\"link-more\"><a href=\"https:\/\/www.adalyaled.com\/de\/shop\/venus-white-marble-pattern\/\" class=\"more-link\">Read More <span class=\"screen-reader-text\"> &#8222;VENUS &#8211; Wei\u00dfes Marmormuster&#8220;<\/span><\/a><\/p>\n","protected":false},"featured_media":5864,"comment_status":"closed","ping_status":"closed","template":"","meta":[],"product_cat":[131],"product_tag":[],"class_list":{"0":"post-6082","1":"product","2":"type-product","3":"status-publish","4":"has-post-thumbnail","6":"product_cat-led-de","8":"first","9":"instock","10":"shipping-taxable","11":"purchasable","12":"product-type-simple"},"_links":{"self":[{"href":"https:\/\/www.adalyaled.com\/de\/wp-json\/wp\/v2\/product\/6082"}],"collection":[{"href":"https:\/\/www.adalyaled.com\/de\/wp-json\/wp\/v2\/product"}],"about":[{"href":"https:\/\/www.adalyaled.com\/de\/wp-json\/wp\/v2\/types\/product"}],"replies":[{"embeddable":true,"href":"https:\/\/www.adalyaled.com\/de\/wp-json\/wp\/v2\/comments?post=6082"}],"version-history":[{"count":3,"href":"https:\/\/www.adalyaled.com\/de\/wp-json\/wp\/v2\/product\/6082\/revisions"}],"predecessor-version":[{"id":7099,"href":"https:\/\/www.adalyaled.com\/de\/wp-json\/wp\/v2\/product\/6082\/revisions\/7099"}],"wp:featuredmedia":[{"embeddable":true,"href":"https:\/\/www.adalyaled.com\/de\/wp-json\/wp\/v2\/media\/5864"}],"wp:attachment":[{"href":"https:\/\/www.adalyaled.com\/de\/wp-json\/wp\/v2\/media?parent=6082"}],"wp:term":[{"taxonomy":"product_cat","embeddable":true,"href":"https:\/\/www.adalyaled.com\/de\/wp-json\/wp\/v2\/product_cat?post=6082"},{"taxonomy":"product_tag","embeddable":true,"href":"https:\/\/www.adalyaled.com\/de\/wp-json\/wp\/v2\/product_tag?post=6082"}],"curies":[{"name":"wp","href":"https:\/\/api.w.org\/{rel}","templated":true}]}}