{"id":6073,"date":"2022-04-13T11:44:31","date_gmt":"2022-04-13T08:44:31","guid":{"rendered":"https:\/\/www.adalyaled.com\/product\/venus-bronze-2\/"},"modified":"2023-04-01T13:46:15","modified_gmt":"2023-04-01T10:46:15","slug":"venus-bronze","status":"publish","type":"product","link":"https:\/\/www.adalyaled.com\/de\/shop\/venus-bronze\/","title":{"rendered":"VENUS &#8211; Bronze"},"content":{"rendered":"\t\t<div data-elementor-type=\"wp-post\" data-elementor-id=\"6073\" class=\"elementor elementor-6073\">\n\t\t\t\t\t\t<section class=\"elementor-section elementor-top-section elementor-element elementor-element-4b4eab08 elementor-section-boxed elementor-section-height-default elementor-section-height-default\" data-id=\"4b4eab08\" data-element_type=\"section\">\n\t\t\t\t\t\t<div class=\"elementor-container elementor-column-gap-default\">\n\t\t\t\t\t<div class=\"elementor-column elementor-col-100 elementor-top-column elementor-element elementor-element-14fd3e4b\" data-id=\"14fd3e4b\" data-element_type=\"column\">\n\t\t\t<div class=\"elementor-widget-wrap elementor-element-populated\">\n\t\t\t\t\t\t<div class=\"elementor-element elementor-element-2d10951c elementor-widget elementor-widget-text-editor\" data-id=\"2d10951c\" data-element_type=\"widget\" data-widget_type=\"text-editor.default\">\n\t\t\t\t<div class=\"elementor-widget-container\">\n\t\t\t<style>\/*! elementor - v3.23.0 - 05-08-2024 *\/\n.elementor-widget-text-editor.elementor-drop-cap-view-stacked .elementor-drop-cap{background-color:#69727d;color:#fff}.elementor-widget-text-editor.elementor-drop-cap-view-framed .elementor-drop-cap{color:#69727d;border:3px solid;background-color:transparent}.elementor-widget-text-editor:not(.elementor-drop-cap-view-default) .elementor-drop-cap{margin-top:8px}.elementor-widget-text-editor:not(.elementor-drop-cap-view-default) .elementor-drop-cap-letter{width:1em;height:1em}.elementor-widget-text-editor .elementor-drop-cap{float:left;text-align:center;line-height:1;font-size:50px}.elementor-widget-text-editor .elementor-drop-cap-letter{display:inline-block}<\/style>\t\t<div class=\"elementor-text-editor elementor-clearfix\"><p>LED-Farbe: Warmwei\u00df<\/p><p>K\u00f6rpermaterial: Aluminiumlegierung<\/p><p>Gr\u00f6\u00dfe: 80 x 330 mm (Wir k\u00f6nnen jede gew\u00fcnschte Gr\u00f6\u00dfe herstellen)<\/p><p>Einschaltzeit: 100 % 5 Stunden, 60 % 9 Stunden, 30 % 14 Stunden<\/p><p>LED-Lebensdauer: 50.000 Stunden<\/p><p>Batterie: 2200 mAh 18650 \/ Lithium-Batterie<\/p><p>Ladezeit: 5 Stunden<\/p><p>Lichtquelle: 20 St\u00fcck Superhelles SMD-Licht<\/p><p>Tastentyp: Ber\u00fchrung, 4-Stufen-Dimmung<\/p><p>(1-100 %, 2-60 %, 3-30 %, 4-Aus)<\/p><p>Garantie: 2 Jahre<\/p><\/div>\n\t\t\t\t<\/div>\n\t\t\t\t<\/div>\n\t\t\t\t\t<\/div>\n\t\t<\/div>\n\t\t\t\t\t<\/div>\n\t\t<\/section>\n\t\t\t\t<section class=\"elementor-section elementor-top-section elementor-element elementor-element-c5a38eb elementor-section-boxed elementor-section-height-default elementor-section-height-default\" data-id=\"c5a38eb\" data-element_type=\"section\">\n\t\t\t\t\t\t<div class=\"elementor-container elementor-column-gap-default\">\n\t\t\t\t\t<div class=\"elementor-column elementor-col-100 elementor-top-column elementor-element elementor-element-5621ce8\" data-id=\"5621ce8\" data-element_type=\"column\">\n\t\t\t<div class=\"elementor-widget-wrap elementor-element-populated\">\n\t\t\t\t\t\t<div class=\"elementor-element elementor-element-9ac2441 elementor-widget elementor-widget-image\" data-id=\"9ac2441\" data-element_type=\"widget\" data-widget_type=\"image.default\">\n\t\t\t\t<div class=\"elementor-widget-container\">\n\t\t\t<style>\/*! elementor - v3.23.0 - 05-08-2024 *\/\n.elementor-widget-image{text-align:center}.elementor-widget-image a{display:inline-block}.elementor-widget-image a img[src$=\".svg\"]{width:48px}.elementor-widget-image img{vertical-align:middle;display:inline-block}<\/style>        <div class=\"elementor-image\">\n                                                <img fetchpriority=\"high\" decoding=\"async\" width=\"1086\" height=\"700\" src=\"https:\/\/www.adalyaled.com\/wp-content\/uploads\/2022\/03\/adalyaled-red-gold-horizontal-1086x700.jpg\" class=\"attachment-auros-featured-image-full size-auros-featured-image-full wp-image-5010\" alt=\"\" \/>                                                            <\/div>\n        \t\t<\/div>\n\t\t\t\t<\/div>\n\t\t\t\t\t<\/div>\n\t\t<\/div>\n\t\t\t\t\t<\/div>\n\t\t<\/section>\n\t\t\t\t<\/div>\n\t\t","protected":false},"excerpt":{"rendered":"<p>LED-Farbe: Warmwei\u00df K\u00f6rpermaterial: Aluminiumlegierung Gr\u00f6\u00dfe: 80 x 330 mm (Wir k\u00f6nnen jede gew\u00fcnschte Gr\u00f6\u00dfe herstellen) Einschaltzeit: 100 % 5 Stunden, 60 % 9 Stunden, 30 % 14 Stunden LED-Lebensdauer: 50.000 Stunden Batterie: 2200 mAh 18650 \/ Lithium-Batterie Ladezeit: 5 Stunden Lichtquelle: 20 St\u00fcck Superhelles SMD-Licht Tastentyp: Ber\u00fchrung, 4-Stufen-Dimmung (1-100 %, 2-60 %, 3-30 %, 4-Aus) &hellip; <\/p>\n<p class=\"link-more\"><a href=\"https:\/\/www.adalyaled.com\/de\/shop\/venus-bronze\/\" class=\"more-link\">Read More <span class=\"screen-reader-text\"> &#8222;VENUS &#8211; Bronze&#8220;<\/span><\/a><\/p>\n","protected":false},"featured_media":5876,"comment_status":"closed","ping_status":"closed","template":"","meta":[],"product_cat":[131],"product_tag":[],"class_list":{"0":"post-6073","1":"product","2":"type-product","3":"status-publish","4":"has-post-thumbnail","6":"product_cat-led-de","8":"first","9":"instock","10":"shipping-taxable","11":"purchasable","12":"product-type-simple"},"_links":{"self":[{"href":"https:\/\/www.adalyaled.com\/de\/wp-json\/wp\/v2\/product\/6073"}],"collection":[{"href":"https:\/\/www.adalyaled.com\/de\/wp-json\/wp\/v2\/product"}],"about":[{"href":"https:\/\/www.adalyaled.com\/de\/wp-json\/wp\/v2\/types\/product"}],"replies":[{"embeddable":true,"href":"https:\/\/www.adalyaled.com\/de\/wp-json\/wp\/v2\/comments?post=6073"}],"version-history":[{"count":5,"href":"https:\/\/www.adalyaled.com\/de\/wp-json\/wp\/v2\/product\/6073\/revisions"}],"predecessor-version":[{"id":7096,"href":"https:\/\/www.adalyaled.com\/de\/wp-json\/wp\/v2\/product\/6073\/revisions\/7096"}],"wp:featuredmedia":[{"embeddable":true,"href":"https:\/\/www.adalyaled.com\/de\/wp-json\/wp\/v2\/media\/5876"}],"wp:attachment":[{"href":"https:\/\/www.adalyaled.com\/de\/wp-json\/wp\/v2\/media?parent=6073"}],"wp:term":[{"taxonomy":"product_cat","embeddable":true,"href":"https:\/\/www.adalyaled.com\/de\/wp-json\/wp\/v2\/product_cat?post=6073"},{"taxonomy":"product_tag","embeddable":true,"href":"https:\/\/www.adalyaled.com\/de\/wp-json\/wp\/v2\/product_tag?post=6073"}],"curies":[{"name":"wp","href":"https:\/\/api.w.org\/{rel}","templated":true}]}}