{"id":5906,"date":"2022-04-11T09:47:35","date_gmt":"2022-04-11T06:47:35","guid":{"rendered":"https:\/\/www.adalyaled.com\/distance-selling-contract\/"},"modified":"2022-05-05T12:17:53","modified_gmt":"2022-05-05T09:17:53","slug":"fernabsatzvertrag","status":"publish","type":"page","link":"https:\/\/www.adalyaled.com\/de\/fernabsatzvertrag\/","title":{"rendered":"Fernabsatzvertrag"},"content":{"rendered":"\t\t<div data-elementor-type=\"wp-post\" data-elementor-id=\"5906\" class=\"elementor elementor-5906\">\n\t\t\t\t\t\t<section class=\"elementor-section elementor-top-section elementor-element elementor-element-6629ce6 elementor-section-boxed elementor-section-height-default elementor-section-height-default\" data-id=\"6629ce6\" data-element_type=\"section\">\n\t\t\t\t\t\t<div class=\"elementor-container elementor-column-gap-no\">\n\t\t\t\t\t<div class=\"elementor-column elementor-col-100 elementor-top-column elementor-element elementor-element-162bb20\" data-id=\"162bb20\" data-element_type=\"column\">\n\t\t\t<div class=\"elementor-widget-wrap elementor-element-populated\">\n\t\t\t\t\t\t<section class=\"elementor-section elementor-inner-section elementor-element elementor-element-7e158c6 elementor-section-boxed elementor-section-height-default elementor-section-height-default\" data-id=\"7e158c6\" data-element_type=\"section\">\n\t\t\t\t\t\t<div class=\"elementor-container elementor-column-gap-no\">\n\t\t\t\t\t<div class=\"elementor-column elementor-col-100 elementor-inner-column elementor-element elementor-element-b1188d7\" data-id=\"b1188d7\" data-element_type=\"column\">\n\t\t\t<div class=\"elementor-widget-wrap elementor-element-populated\">\n\t\t\t\t\t\t<div class=\"elementor-element elementor-element-cb5f2f4 elementor-widget elementor-widget-heading\" data-id=\"cb5f2f4\" data-element_type=\"widget\" data-widget_type=\"heading.default\">\n\t\t\t\t<div class=\"elementor-widget-container\">\n\t\t\t<style>\/*! elementor - v3.23.0 - 05-08-2024 *\/\n.elementor-heading-title{padding:0;margin:0;line-height:1}.elementor-widget-heading .elementor-heading-title[class*=elementor-size-]>a{color:inherit;font-size:inherit;line-height:inherit}.elementor-widget-heading .elementor-heading-title.elementor-size-small{font-size:15px}.elementor-widget-heading .elementor-heading-title.elementor-size-medium{font-size:19px}.elementor-widget-heading .elementor-heading-title.elementor-size-large{font-size:29px}.elementor-widget-heading .elementor-heading-title.elementor-size-xl{font-size:39px}.elementor-widget-heading .elementor-heading-title.elementor-size-xxl{font-size:59px}<\/style><h2 class=\"elementor-heading-title elementor-size-default\">Fernabsatzvertrag<\/h2>\t\t<\/div>\n\t\t\t\t<\/div>\n\t\t\t\t<div class=\"elementor-element elementor-element-f00193a elementor-widget elementor-widget-text-editor\" data-id=\"f00193a\" data-element_type=\"widget\" data-widget_type=\"text-editor.default\">\n\t\t\t\t<div class=\"elementor-widget-container\">\n\t\t\t<style>\/*! elementor - v3.23.0 - 05-08-2024 *\/\n.elementor-widget-text-editor.elementor-drop-cap-view-stacked .elementor-drop-cap{background-color:#69727d;color:#fff}.elementor-widget-text-editor.elementor-drop-cap-view-framed .elementor-drop-cap{color:#69727d;border:3px solid;background-color:transparent}.elementor-widget-text-editor:not(.elementor-drop-cap-view-default) .elementor-drop-cap{margin-top:8px}.elementor-widget-text-editor:not(.elementor-drop-cap-view-default) .elementor-drop-cap-letter{width:1em;height:1em}.elementor-widget-text-editor .elementor-drop-cap{float:left;text-align:center;line-height:1;font-size:50px}.elementor-widget-text-editor .elementor-drop-cap-letter{display:inline-block}<\/style>\t\t<div class=\"elementor-text-editor elementor-clearfix\"><p>DIESE VEREINBARUNG GILT F\u00dcR DIE IM INTERNET BEREITGESTELLTEN DIENSTE UND BESTEHT AUS REGELN ZWISCHEN ECHTEN PERSONEN ODER JURISTISCHEN PERSONEN UND ADALYALED. BEVOR SIE EIN PRODUKT \u00dcBER UNSERE WEBSITE BESTELLEN, M\u00dcSSEN SIE DIE SERVICEVEREINBARUNG UND DIE NUTZUNGSBEDINGUNGEN LESEN, DIE EIN INTEGRIERTER TEIL DIESER VEREINBARUNG SIND. DIE SERVICENUTZUNGSVEREINBARUNG ENTH\u00c4LT DIE REGELN, DIE SIE BEFOLGEN M\u00dcSSEN. WENN SIE DIESER VEREINBARUNG ODER EINE IHRER BEDINGUNGEN NICHT ZUSTIMMEN, STORNIEREN SIE BITTE IHRE BESTELLUNG. BESTELLEN SIE KEINE PRODUKTE ODER DIENSTLEISTUNGEN.<\/p><p>DIENSTLEISTER UND PARTEIEN<\/p><p>Dieser Vertrag kommt zwischen <a href=\"www.adalyaled.com\">www.adalyaled.com<\/a> und den Kunden zustande, die die von ADALYALED erbrachten Leistungen erworben haben (nachfolgend kurz \u201eKUNDE\u201c genannt).<\/p><p>Adresse: Deniz mah. Teomanpasa cad. Ba\u015fak-Komplex 43 \/ A Muratpa\u015fa \/ ANTALYA<\/p><p>VERTRAGSGEGENSTAND<\/p><p>Festlegung der gegenseitigen Rechte und Pflichten der Parteien gem\u00e4\u00df den Bestimmungen des Verbraucherschutzgesetzes Nr. 6502 und der Verordnung \u00fcber Fernabsatzvertr\u00e4ge und aller anderen gesetzlichen Vorschriften und Praktiken in Bezug auf den Kauf\/Verkauf der Dienstleistungen und Produkte, die mit den nachstehend aufgef\u00fchrten Merkmalen, die der Kunde auf der Website von ADALYALED elektronisch bestellt, ist Gegenstand dieses Vertrages.<\/p><p>Nach der Unterzeichnung\/Annahme\/Genehmigung des Vertrags in der virtuellen Umgebung liest und versteht der Kunde durch die Teilnahme an der Unterzeichnung\/Annahme\/Genehmigung dieses Vertrags den Vertrag und die Nutzungsbedingungen als untrennbare und untrennbare Einheit von diesem Vertrag und von Zeit zu Zeit auf der Website von ADALYALED. Es akzeptiert, erkl\u00e4rt und verpflichtet sich, alle Bedingungen dieser Vereinbarung einzuhalten, einschlie\u00dflich zus\u00e4tzlicher oder abweichender Bedingungen und Richtlinien, einschlie\u00dflich der Aktualisierungen und Vorschriften, die es vornehmen wird, und zu handeln in \u00dcbereinstimmung mit allen Gesch\u00e4ftsbedingungen.<\/p><p>DAUER DER VEREINBARUNG<\/p><p>Dieser Vertrag gilt f\u00fcr die Dauer des zus\u00e4tzlich zum Vertrag zu bringenden Leistungsversprechens. Wird eine zus\u00e4tzliche Leistungszusage nicht in den Vertrag eingebracht, gilt der Vertrag f\u00fcr eine Zahlungsperiode und l\u00e4uft um eine Zahlungsperiode weiter, es sei denn, eine der Parteien teilt dies der anderen mit.<\/p><p>INFORMATION<\/p><p>ADALYALED, mit dem Ziel, die Servicequalit\u00e4t zu erh\u00f6hen, TS ISO IEC 27001:2013 Informationssicherheits-Managementsysteme, TS EN ISO 9001:2008 Qualit\u00e4tsmanagementsysteme, TS ISO IEC 20000_1 Informationstechnologien und Service-Managementsysteme, TS EN ISO 22301:2013 Soziales Security and Business Continuity Management Systems hat sich entschieden, ihren Ansatz umzusetzen. Dieses Dokument wurde mit dem Ziel erstellt, unsere Kunden in diesem Sinne zu informieren. ADALYALED zielt darauf ab, seinen Kunden einen sichereren Service zu bieten, indem es diese weltweit anerkannten Standards anwendet.<\/p><p>Innerhalb von ADALYALED wurde ein Modell erstellt, um das Informationssicherheits-Managementsystem TS ISO IEC 27001:2013, das an der Spitze dieser Standards steht, einzurichten, zu implementieren, zu betreiben, zu \u00fcberwachen, zu \u00fcberpr\u00fcfen, zu warten und kontinuierlich zu verbessern.<\/p><p>VERTRAGLICHE PRODUKTE<\/p><p>Die vom KUNDEN zur Nutzung im Rechenzentrum von ADALYALED eingesandten Server oder die gemieteten Server, virtuellen Server, Hosting- und sonstigen Dienstleistungen von ADALYALED haben die im Vertrag genannten Qualifikationen, deren Verkaufspreis an die Website von ADALYALED \u00fcbermittelt wurde bzw per E-Mail an den KUNDENservice bestimmt. KUNDE, grundlegende Merkmale der zum Verkauf stehenden Dienstleistung, Verkaufspreis, Zahlungsmethode, Lieferbedingungen usw. Er akzeptiert und erkl\u00e4rt, dass er Kenntnis von allen vorl\u00e4ufigen Informationen und dem Widerrufsrecht bez\u00fcglich der zum Verkauf stehenden Dienstleistung hat, dass er diese vorl\u00e4ufigen Informationen in elektronischer Umgebung liest und best\u00e4tigt und dann das Produkt gem\u00e4\u00df den Bestimmungen dieses Vertrages bestellt.<\/p><p>Durch die elektronische Best\u00e4tigung der Vorabinformationen best\u00e4tigt der KUNDE, dass er vor Abschluss der Fernabsatzvertr\u00e4ge die Anschrift, Grundz\u00fcge der bestellten Produkte und Dienstleistungen, den t\u00fcrkischen Lira-Preis einschlie\u00dflich Steuern, Zahlungs- und Lieferinformationen richtig und vollst\u00e4ndig erhalten hat.<\/p><\/div>\n\t\t\t\t<\/div>\n\t\t\t\t<\/div>\n\t\t\t\t\t<\/div>\n\t\t<\/div>\n\t\t\t\t\t<\/div>\n\t\t<\/section>\n\t\t\t\t\t<\/div>\n\t\t<\/div>\n\t\t\t\t\t<\/div>\n\t\t<\/section>\n\t\t\t\t<\/div>\n\t\t","protected":false},"excerpt":{"rendered":"<p>Fernabsatzvertrag DIESE VEREINBARUNG GILT F\u00dcR DIE IM INTERNET BEREITGESTELLTEN DIENSTE UND BESTEHT AUS REGELN ZWISCHEN ECHTEN PERSONEN ODER JURISTISCHEN PERSONEN UND ADALYALED. BEVOR SIE EIN PRODUKT \u00dcBER UNSERE WEBSITE BESTELLEN, M\u00dcSSEN SIE DIE SERVICEVEREINBARUNG UND DIE NUTZUNGSBEDINGUNGEN LESEN, DIE EIN INTEGRIERTER TEIL DIESER VEREINBARUNG SIND. DIE SERVICENUTZUNGSVEREINBARUNG ENTH\u00c4LT DIE REGELN, DIE SIE BEFOLGEN M\u00dcSSEN. WENN &hellip; <\/p>\n<p class=\"link-more\"><a href=\"https:\/\/www.adalyaled.com\/de\/fernabsatzvertrag\/\" class=\"more-link\">Read More <span class=\"screen-reader-text\"> &#8222;Fernabsatzvertrag&#8220;<\/span><\/a><\/p>\n","protected":false},"author":1,"featured_media":0,"parent":0,"menu_order":0,"comment_status":"closed","ping_status":"closed","template":"","meta":{"footnotes":""},"class_list":["post-5906","page","type-page","status-publish","hentry"],"_links":{"self":[{"href":"https:\/\/www.adalyaled.com\/de\/wp-json\/wp\/v2\/pages\/5906"}],"collection":[{"href":"https:\/\/www.adalyaled.com\/de\/wp-json\/wp\/v2\/pages"}],"about":[{"href":"https:\/\/www.adalyaled.com\/de\/wp-json\/wp\/v2\/types\/page"}],"author":[{"embeddable":true,"href":"https:\/\/www.adalyaled.com\/de\/wp-json\/wp\/v2\/users\/1"}],"replies":[{"embeddable":true,"href":"https:\/\/www.adalyaled.com\/de\/wp-json\/wp\/v2\/comments?post=5906"}],"version-history":[{"count":4,"href":"https:\/\/www.adalyaled.com\/de\/wp-json\/wp\/v2\/pages\/5906\/revisions"}],"predecessor-version":[{"id":6161,"href":"https:\/\/www.adalyaled.com\/de\/wp-json\/wp\/v2\/pages\/5906\/revisions\/6161"}],"wp:attachment":[{"href":"https:\/\/www.adalyaled.com\/de\/wp-json\/wp\/v2\/media?parent=5906"}],"curies":[{"name":"wp","href":"https:\/\/api.w.org\/{rel}","templated":true}]}}