{"id":5894,"date":"2018-10-17T03:55:02","date_gmt":"2018-10-17T00:55:02","guid":{"rendered":"https:\/\/www.adalyaled.com\/privacy-policy\/"},"modified":"2022-05-05T17:28:52","modified_gmt":"2022-05-05T14:28:52","slug":"verschwiegenheitserklaerung","status":"publish","type":"page","link":"https:\/\/www.adalyaled.com\/de\/verschwiegenheitserklaerung\/","title":{"rendered":"Verschwiegenheitserkl\u00e4rung"},"content":{"rendered":"\t\t<div data-elementor-type=\"wp-post\" data-elementor-id=\"5894\" class=\"elementor elementor-5894\">\n\t\t\t\t\t\t<section class=\"elementor-section elementor-top-section elementor-element elementor-element-6629ce6 elementor-section-boxed elementor-section-height-default elementor-section-height-default\" data-id=\"6629ce6\" data-element_type=\"section\">\n\t\t\t\t\t\t<div class=\"elementor-container elementor-column-gap-no\">\n\t\t\t\t\t<div class=\"elementor-column elementor-col-100 elementor-top-column elementor-element elementor-element-162bb20\" data-id=\"162bb20\" data-element_type=\"column\">\n\t\t\t<div class=\"elementor-widget-wrap elementor-element-populated\">\n\t\t\t\t\t\t<section class=\"elementor-section elementor-inner-section elementor-element elementor-element-7e158c6 elementor-section-boxed elementor-section-height-default elementor-section-height-default\" data-id=\"7e158c6\" data-element_type=\"section\">\n\t\t\t\t\t\t<div class=\"elementor-container elementor-column-gap-no\">\n\t\t\t\t\t<div class=\"elementor-column elementor-col-100 elementor-inner-column elementor-element elementor-element-b1188d7\" data-id=\"b1188d7\" data-element_type=\"column\">\n\t\t\t<div class=\"elementor-widget-wrap elementor-element-populated\">\n\t\t\t\t\t\t<div class=\"elementor-element elementor-element-cb5f2f4 elementor-widget elementor-widget-heading\" data-id=\"cb5f2f4\" data-element_type=\"widget\" data-widget_type=\"heading.default\">\n\t\t\t\t<div class=\"elementor-widget-container\">\n\t\t\t<style>\/*! elementor - v3.23.0 - 05-08-2024 *\/\n.elementor-heading-title{padding:0;margin:0;line-height:1}.elementor-widget-heading .elementor-heading-title[class*=elementor-size-]>a{color:inherit;font-size:inherit;line-height:inherit}.elementor-widget-heading .elementor-heading-title.elementor-size-small{font-size:15px}.elementor-widget-heading .elementor-heading-title.elementor-size-medium{font-size:19px}.elementor-widget-heading .elementor-heading-title.elementor-size-large{font-size:29px}.elementor-widget-heading .elementor-heading-title.elementor-size-xl{font-size:39px}.elementor-widget-heading .elementor-heading-title.elementor-size-xxl{font-size:59px}<\/style><h2 class=\"elementor-heading-title elementor-size-default\">Verschwiegenheitserkl\u00e4rung<\/h2>\t\t<\/div>\n\t\t\t\t<\/div>\n\t\t\t\t<div class=\"elementor-element elementor-element-f00193a elementor-widget elementor-widget-text-editor\" data-id=\"f00193a\" data-element_type=\"widget\" data-widget_type=\"text-editor.default\">\n\t\t\t\t<div class=\"elementor-widget-container\">\n\t\t\t<style>\/*! elementor - v3.23.0 - 05-08-2024 *\/\n.elementor-widget-text-editor.elementor-drop-cap-view-stacked .elementor-drop-cap{background-color:#69727d;color:#fff}.elementor-widget-text-editor.elementor-drop-cap-view-framed .elementor-drop-cap{color:#69727d;border:3px solid;background-color:transparent}.elementor-widget-text-editor:not(.elementor-drop-cap-view-default) .elementor-drop-cap{margin-top:8px}.elementor-widget-text-editor:not(.elementor-drop-cap-view-default) .elementor-drop-cap-letter{width:1em;height:1em}.elementor-widget-text-editor .elementor-drop-cap{float:left;text-align:center;line-height:1;font-size:50px}.elementor-widget-text-editor .elementor-drop-cap-letter{display:inline-block}<\/style>\t\t<div class=\"elementor-text-editor elementor-clearfix\"><p>ADALYALED h\u00e4lt sich an den Grundsatz der Privatsph\u00e4re und des Schutzes personenbezogener Daten. Im Allgemeinen k\u00f6nnen Sie die Webseiten von ADALYALED besuchen, ohne Angaben zu Ihrer Person zu machen. Auf einigen Seiten bitten wir Sie m\u00f6glicherweise, Ihre pers\u00f6nlichen Daten anzugeben (in Kontaktformularen, E-Newsletter-Abonnement, Buchung von Veranstaltungen und Zugang zu anderen m\u00f6glichen Diensten auf der Website), um einen bestimmten Dienst bereitzustellen oder die gew\u00fcnschte Transaktion durchzuf\u00fchren. Sie sind nicht verpflichtet, diese Informationen bereitzustellen, aber in F\u00e4llen, in denen Sie die Informationen nicht bereitstellen, sind wir m\u00f6glicherweise nicht in der Lage, den von Ihnen angeforderten Service bereitzustellen oder die Ma\u00dfnahmen zu ergreifen. Die von Ihnen angegebenen personenbezogenen Daten k\u00f6nnen verwendet werden, um Neuigkeiten und Veranstaltungen zu Ihren Interessengebieten bereitzustellen, Sie \u00fcber Neuerungen und Veranstaltungen auf unserer Website zu informieren und die Website gem\u00e4\u00df Ihren Pr\u00e4ferenzen weiterzuentwickeln. Die Weitergabe dieser Informationen an uns und das Abonnieren von E-Newslettern erfolgt auf Ihre Anfrage und Zustimmung. Wenn Sie m\u00f6chten, k\u00f6nnen Sie Ihre Informationen auf der Website aktualisieren und Ihre Newsletter-Zustimmung k\u00fcndigen. Sofern Sie uns personenbezogene Daten zur Verf\u00fcgung stellen, werden diese Daten ohne Ihr Wissen oder Ihre Zustimmung nicht an Dritte weitergegeben oder es besteht hierzu eine gesetzliche Verpflichtung. Diese Informationen werden durch unsere h\u00f6chsten Sicherheits- und Datenschutzstandards gesch\u00fctzt. Internationale Internetgesetze beschr\u00e4nken die Erfassung personenbezogener Daten von Kindern unter 13 Jahren auf Internetseiten. Geben Sie daher keine personenbezogenen Daten weiter, wenn Sie unter 13 Jahre alt sind. Wenn Sie unter 13 Jahre alt sind, werden alle von Ihnen bereitgestellten Informationen von ADALYALED nicht verwendet oder gespeichert.<\/p><\/div>\n\t\t\t\t<\/div>\n\t\t\t\t<\/div>\n\t\t\t\t\t<\/div>\n\t\t<\/div>\n\t\t\t\t\t<\/div>\n\t\t<\/section>\n\t\t\t\t\t<\/div>\n\t\t<\/div>\n\t\t\t\t\t<\/div>\n\t\t<\/section>\n\t\t\t\t<section class=\"elementor-section elementor-top-section elementor-element elementor-element-a00a8ee elementor-section-stretched elementor-hidden-desktop elementor-hidden-tablet elementor-hidden-mobile elementor-section-boxed elementor-section-height-default elementor-section-height-default\" data-id=\"a00a8ee\" data-element_type=\"section\" data-settings=\"{&quot;stretch_section&quot;:&quot;section-stretched&quot;}\">\n\t\t\t\t\t\t<div class=\"elementor-container elementor-column-gap-no\">\n\t\t\t\t\t<div class=\"elementor-column elementor-col-100 elementor-top-column elementor-element elementor-element-10d235c animated-fast elementor-invisible\" data-id=\"10d235c\" data-element_type=\"column\" data-settings=\"{&quot;animation&quot;:&quot;opal-move-up&quot;}\">\n\t\t\t<div class=\"elementor-widget-wrap elementor-element-populated\">\n\t\t\t\t\t\t<div class=\"elementor-element elementor-element-9a1fe85 elementor-widget elementor-widget-heading\" data-id=\"9a1fe85\" data-element_type=\"widget\" data-widget_type=\"heading.default\">\n\t\t\t\t<div class=\"elementor-widget-container\">\n\t\t\t<h2 class=\"elementor-heading-title elementor-size-default\">Need a Support?<\/h2>\t\t<\/div>\n\t\t\t\t<\/div>\n\t\t\t\t<section class=\"elementor-section elementor-inner-section elementor-element elementor-element-561573b elementor-section-full_width animated-fast elementor-section-height-default elementor-section-height-default elementor-invisible\" data-id=\"561573b\" data-element_type=\"section\" data-settings=\"{&quot;animation&quot;:&quot;opal-move-up&quot;}\">\n\t\t\t\t\t\t<div class=\"elementor-container elementor-column-gap-no\">\n\t\t\t\t\t<div class=\"elementor-column elementor-col-25 elementor-inner-column elementor-element elementor-element-aaf14cc\" data-id=\"aaf14cc\" data-element_type=\"column\">\n\t\t\t<div class=\"elementor-widget-wrap elementor-element-populated\">\n\t\t\t\t\t\t<div class=\"elementor-element elementor-element-110979d elementor-view-default elementor-position-top elementor-mobile-position-top elementor-widget elementor-widget-icon-box\" data-id=\"110979d\" data-element_type=\"widget\" data-widget_type=\"icon-box.default\">\n\t\t\t\t<div class=\"elementor-widget-container\">\n\t\t\t<link rel=\"stylesheet\" href=\"https:\/\/www.adalyaled.com\/wp-content\/plugins\/elementor\/assets\/css\/widget-icon-box.min.css\">\t\t<div class=\"elementor-icon-box-wrapper\">\n\n\t\t\t\t\t\t<div class=\"elementor-icon-box-icon\">\n\t\t\t\t<span  class=\"elementor-icon elementor-animation-\">\n\t\t\t\t<i class=\"opal-icon-chat-support\" aria-hidden=\"true\"><\/i>\t\t\t\t<\/span>\n\t\t\t<\/div>\n\t\t\t\n\t\t\t\t\t\t<div class=\"elementor-icon-box-content\">\n\n\t\t\t\t\t\t\t\t\t<h3 class=\"elementor-icon-box-title\">\n\t\t\t\t\t\t<span  >\n\t\t\t\t\t\t\tChat Support\t\t\t\t\t\t<\/span>\n\t\t\t\t\t<\/h3>\n\t\t\t\t\n\t\t\t\t\n\t\t\t<\/div>\n\t\t\t\n\t\t<\/div>\n\t\t\t\t<\/div>\n\t\t\t\t<\/div>\n\t\t\t\t\t<\/div>\n\t\t<\/div>\n\t\t\t\t<div class=\"elementor-column elementor-col-25 elementor-inner-column elementor-element elementor-element-7916b58\" data-id=\"7916b58\" data-element_type=\"column\">\n\t\t\t<div class=\"elementor-widget-wrap elementor-element-populated\">\n\t\t\t\t\t\t<div class=\"elementor-element elementor-element-2e16588 elementor-view-default elementor-position-top elementor-mobile-position-top elementor-widget elementor-widget-icon-box\" data-id=\"2e16588\" data-element_type=\"widget\" data-widget_type=\"icon-box.default\">\n\t\t\t\t<div class=\"elementor-widget-container\">\n\t\t\t\t\t<div class=\"elementor-icon-box-wrapper\">\n\n\t\t\t\t\t\t<div class=\"elementor-icon-box-icon\">\n\t\t\t\t<span  class=\"elementor-icon elementor-animation-\">\n\t\t\t\t<i class=\"opal-icon-tweet-support\" aria-hidden=\"true\"><\/i>\t\t\t\t<\/span>\n\t\t\t<\/div>\n\t\t\t\n\t\t\t\t\t\t<div class=\"elementor-icon-box-content\">\n\n\t\t\t\t\t\t\t\t\t<h3 class=\"elementor-icon-box-title\">\n\t\t\t\t\t\t<span  >\n\t\t\t\t\t\t\tTweet Support\t\t\t\t\t\t<\/span>\n\t\t\t\t\t<\/h3>\n\t\t\t\t\n\t\t\t\t\n\t\t\t<\/div>\n\t\t\t\n\t\t<\/div>\n\t\t\t\t<\/div>\n\t\t\t\t<\/div>\n\t\t\t\t\t<\/div>\n\t\t<\/div>\n\t\t\t\t<div class=\"elementor-column elementor-col-25 elementor-inner-column elementor-element elementor-element-0fc590b\" data-id=\"0fc590b\" data-element_type=\"column\">\n\t\t\t<div class=\"elementor-widget-wrap elementor-element-populated\">\n\t\t\t\t\t\t<div class=\"elementor-element elementor-element-c992a9d elementor-view-default elementor-position-top elementor-mobile-position-top elementor-widget elementor-widget-icon-box\" data-id=\"c992a9d\" data-element_type=\"widget\" data-widget_type=\"icon-box.default\">\n\t\t\t\t<div class=\"elementor-widget-container\">\n\t\t\t\t\t<div class=\"elementor-icon-box-wrapper\">\n\n\t\t\t\t\t\t<div class=\"elementor-icon-box-icon\">\n\t\t\t\t<span  class=\"elementor-icon elementor-animation-\">\n\t\t\t\t<i class=\"opal-icon-phone-support\" aria-hidden=\"true\"><\/i>\t\t\t\t<\/span>\n\t\t\t<\/div>\n\t\t\t\n\t\t\t\t\t\t<div class=\"elementor-icon-box-content\">\n\n\t\t\t\t\t\t\t\t\t<h3 class=\"elementor-icon-box-title\">\n\t\t\t\t\t\t<span  >\n\t\t\t\t\t\t\tPhone Consultant\t\t\t\t\t\t<\/span>\n\t\t\t\t\t<\/h3>\n\t\t\t\t\n\t\t\t\t\n\t\t\t<\/div>\n\t\t\t\n\t\t<\/div>\n\t\t\t\t<\/div>\n\t\t\t\t<\/div>\n\t\t\t\t\t<\/div>\n\t\t<\/div>\n\t\t\t\t<div class=\"elementor-column elementor-col-25 elementor-inner-column elementor-element elementor-element-e556f64\" data-id=\"e556f64\" data-element_type=\"column\">\n\t\t\t<div class=\"elementor-widget-wrap elementor-element-populated\">\n\t\t\t\t\t\t<div class=\"elementor-element elementor-element-8ca2794 elementor-view-default elementor-position-top elementor-mobile-position-top elementor-widget elementor-widget-icon-box\" data-id=\"8ca2794\" data-element_type=\"widget\" data-widget_type=\"icon-box.default\">\n\t\t\t\t<div class=\"elementor-widget-container\">\n\t\t\t\t\t<div class=\"elementor-icon-box-wrapper\">\n\n\t\t\t\t\t\t<div class=\"elementor-icon-box-icon\">\n\t\t\t\t<span  class=\"elementor-icon elementor-animation-\">\n\t\t\t\t<i class=\"opal-icon-forum\" aria-hidden=\"true\"><\/i>\t\t\t\t<\/span>\n\t\t\t<\/div>\n\t\t\t\n\t\t\t\t\t\t<div class=\"elementor-icon-box-content\">\n\n\t\t\t\t\t\t\t\t\t<h3 class=\"elementor-icon-box-title\">\n\t\t\t\t\t\t<span  >\n\t\t\t\t\t\t\tVisit Our Forum\t\t\t\t\t\t<\/span>\n\t\t\t\t\t<\/h3>\n\t\t\t\t\n\t\t\t\t\n\t\t\t<\/div>\n\t\t\t\n\t\t<\/div>\n\t\t\t\t<\/div>\n\t\t\t\t<\/div>\n\t\t\t\t\t<\/div>\n\t\t<\/div>\n\t\t\t\t\t<\/div>\n\t\t<\/section>\n\t\t\t\t\t<\/div>\n\t\t<\/div>\n\t\t\t\t\t<\/div>\n\t\t<\/section>\n\t\t\t\t<\/div>\n\t\t","protected":false},"excerpt":{"rendered":"<p>Verschwiegenheitserkl\u00e4rung ADALYALED h\u00e4lt sich an den Grundsatz der Privatsph\u00e4re und des Schutzes personenbezogener Daten. Im Allgemeinen k\u00f6nnen Sie die Webseiten von ADALYALED besuchen, ohne Angaben zu Ihrer Person zu machen. Auf einigen Seiten bitten wir Sie m\u00f6glicherweise, Ihre pers\u00f6nlichen Daten anzugeben (in Kontaktformularen, E-Newsletter-Abonnement, Buchung von Veranstaltungen und Zugang zu anderen m\u00f6glichen Diensten auf der &hellip; <\/p>\n<p class=\"link-more\"><a href=\"https:\/\/www.adalyaled.com\/de\/verschwiegenheitserklaerung\/\" class=\"more-link\">Read More <span class=\"screen-reader-text\"> &#8222;Verschwiegenheitserkl\u00e4rung&#8220;<\/span><\/a><\/p>\n","protected":false},"author":1,"featured_media":0,"parent":0,"menu_order":0,"comment_status":"closed","ping_status":"closed","template":"","meta":{"footnotes":""},"class_list":["post-5894","page","type-page","status-publish","hentry"],"_links":{"self":[{"href":"https:\/\/www.adalyaled.com\/de\/wp-json\/wp\/v2\/pages\/5894"}],"collection":[{"href":"https:\/\/www.adalyaled.com\/de\/wp-json\/wp\/v2\/pages"}],"about":[{"href":"https:\/\/www.adalyaled.com\/de\/wp-json\/wp\/v2\/types\/page"}],"author":[{"embeddable":true,"href":"https:\/\/www.adalyaled.com\/de\/wp-json\/wp\/v2\/users\/1"}],"replies":[{"embeddable":true,"href":"https:\/\/www.adalyaled.com\/de\/wp-json\/wp\/v2\/comments?post=5894"}],"version-history":[{"count":4,"href":"https:\/\/www.adalyaled.com\/de\/wp-json\/wp\/v2\/pages\/5894\/revisions"}],"predecessor-version":[{"id":6291,"href":"https:\/\/www.adalyaled.com\/de\/wp-json\/wp\/v2\/pages\/5894\/revisions\/6291"}],"wp:attachment":[{"href":"https:\/\/www.adalyaled.com\/de\/wp-json\/wp\/v2\/media?parent=5894"}],"curies":[{"name":"wp","href":"https:\/\/api.w.org\/{rel}","templated":true}]}}